{"id":14034,"date":"2021-10-07T13:56:58","date_gmt":"2021-10-07T13:56:58","guid":{"rendered":"https:\/\/dev.platform24.com\/contact-us\/"},"modified":"2021-10-07T13:56:58","modified_gmt":"2021-10-07T13:56:58","slug":"contact-us","status":"publish","type":"page","link":"https:\/\/dev.platform24.com\/de\/contact-us\/","title":{"rendered":"Contact us"},"content":{"rendered":"\n<section class=\"wp-block-mkl-section-block has-color-grey-background-grey-background-color inverted-border-radius-top\" style=\"padding-bottom:120px;padding-top:120px\">\n<div class=\"wp-block-group\"><div class=\"wp-block-group__inner-container is-layout-flow wp-block-group-is-layout-flow\">\n<h1 class=\"wp-block-heading has-text-align-center is-style-Header-large mb-0\" id=\"contact-us\">Contact us<\/h1>\n\n\n\n<h3 class=\"wp-block-heading has-text-align-center is-style-Paragraph-large\" id=\"would-you-like-to-know-more-about-our-solutions-for-digi-physical-patient-pathways-please-enter-your-details-and-we-will-contact-you-at-our-earliest-opportunity\">Would you like to know more about our solutions for digi-physical patient pathways?<br>Please enter your details and we will contact you at our earliest opportunity.<\/h3>\n<\/div><\/div>\n<\/section>\n\n\n\n<section class=\"wp-block-mkl-section-block has-color-white-background-color\" style=\"padding-bottom:60px;padding-top:60px\">\n<div class=\"wp-block-group\"><div class=\"wp-block-group__inner-container is-layout-flow wp-block-group-is-layout-flow\">\n<h1 class=\"wp-block-heading has-text-align-left is-style-Header-medium\" id=\"get-in-touch-and-let-usknow-how-we-can-help\">Get in touch and let us<br>know how we can help.<\/h1>\n\n\n\n<div style=\"height:36px\" aria-hidden=\"true\" class=\"wp-block-spacer\"><\/div>\n\n\n\n<div class=\"wp-block-coblocks-row coblocks-row-911162920182\" data-columns=\"2\" data-layout=\"50-50\"><div class=\"wp-block-coblocks-row__inner has-no-padding has-no-margin is-stacked-on-mobile has-medium-gutter\">\n<div class=\"wp-block-coblocks-column coblocks-column-911162922682\" style=\"width:63.53%\"><div class=\"wp-block-coblocks-column__inner has-no-padding has-no-margin\">\n<!--[if lte IE 8]>\n<script charset=\"utf-8\" type=\"text\/javascript\" src=\"\/\/js-eu1.hsforms.net\/forms\/v2-legacy.js\"><\/script>\n<![endif]-->\n<script charset=\"utf-8\" type=\"text\/javascript\" src=\"\/\/js-eu1.hsforms.net\/forms\/v2.js\"><\/script>\n<script>\n hbspt.forms.create({\n           region: \"eu1\",\n           portalId: \"25299990\",\n           formId: \"14c95693-bc7f-47b0-b920-67357ac5dd02\"\n});\n<\/script>\n<\/div><\/div>\n\n\n\n<div class=\"wp-block-coblocks-column coblocks-column-911162922684\" style=\"width:36.47%\"><div class=\"wp-block-coblocks-column__inner has-no-padding has-no-margin\">\n<p><strong>General communication<\/strong><\/p>\n\n\n\n<p>For general queries, including partnership opportunities, please email info@platform24.com<\/p>\n<\/div><\/div>\n<\/div><\/div>\n<\/div><\/div>\n<\/section>\n\n\n\n<section class=\"wp-block-mkl-section-block has-color-grey-input-grey-background-color\" style=\"padding-bottom:60px;padding-top:60px\">\n<div class=\"wp-block-group\"><div class=\"wp-block-group__inner-container is-layout-flow wp-block-group-is-layout-flow\">\n<div class=\"wp-block-group\"><div class=\"wp-block-group__inner-container is-layout-flow wp-block-group-is-layout-flow\">\n<h2 class=\"wp-block-heading has-text-align-center\" id=\"offices\">Offices<\/h2>\n\n\n\n<div class=\"wp-block-coblocks-row coblocks-row-91117529164\" data-columns=\"2\" data-layout=\"50-50\"><div class=\"wp-block-coblocks-row__inner has-no-padding has-no-margin is-stacked-on-mobile has-medium-gutter\">\n<div class=\"wp-block-coblocks-column coblocks-column-91117530989\" style=\"width:50%\"><div class=\"wp-block-coblocks-column__inner has-no-padding has-no-margin\">\n<div class=\"mb-5\">\n    <a class=\"link-box link-box-horizontal  p-3 px-4 has-color-white-background-color\" href=\"https:\/\/maps.google.com\">\n        <div class=\"row g-5 d-flex align-items-center\">\n            <div class=\"col-3\">\n                            <\/div>\n            <div class=\"col-9\">\n                    <h4 class=\"mb-3\"><\/h4>\n                    <p><\/p>\n                    <h3 class=\"is-style-Action-Title has-color-blue-dark-blue-color has-text-color mb-1\"><strong>Sweden<\/strong><\/h3>\n                    <p class=\"is-style-Body-Paragraph has-color-grey-body-text-grey-color has-text-color mb-0\">Platform24 Healthcare AB<br \/>\r\nV\u00e4stra J\u00e4rnv\u00e4gsgatan 7, 111 64 Stockholm<\/p>\n                    <div class=\"link-box-horizontal-button mt-0\"><\/div>\n            <\/div>\n        <\/div>\n    <\/a>\n<\/div><\/div><\/div>\n\n\n\n<div class=\"wp-block-coblocks-column coblocks-column-91117530990\" style=\"width:50%\"><div class=\"wp-block-coblocks-column__inner has-no-padding has-no-margin\">\n<div class=\"mb-5\">\n    <a class=\"link-box link-box-horizontal  p-3 px-4 has-color-white-background-color\" href=\"https:\/\/maps.google.com\">\n        <div class=\"row g-5 d-flex align-items-center\">\n            <div class=\"col-3\">\n                            <\/div>\n            <div class=\"col-9\">\n                    <h4 class=\"mb-3\"><\/h4>\n                    <p><\/p>\n                    <h3 class=\"is-style-Action-Title has-color-blue-dark-blue-color has-text-color mb-1\"><strong>Germany<\/strong><\/h3>\n                    <p class=\"is-style-Body-Paragraph has-color-grey-body-text-grey-color has-text-color mb-0\">Platform24 Healthcare AB<br \/>\r\nV\u00e4stra J\u00e4rnv\u00e4gsgatan 7, 111 64 Stockholm<\/p>\n                    <div class=\"link-box-horizontal-button mt-0\"><\/div>\n            <\/div>\n        <\/div>\n    <\/a>\n<\/div><\/div><\/div>\n<\/div><\/div>\n<\/div><\/div>\n<\/div><\/div>\n<\/section>\n\n\n\n<section class=\"wp-block-mkl-section-block has-color-grey-input-grey-background-color\" style=\"padding-bottom:60px;padding-top:60px\">\n<div class=\"wp-block-group\"><div class=\"wp-block-group__inner-container is-layout-flow wp-block-group-is-layout-flow\">\n<div class=\"wp-block-group\"><div class=\"wp-block-group__inner-container is-layout-flow wp-block-group-is-layout-flow\">\n<div class=\"wp-block-coblocks-row coblocks-row-91117529164\" data-columns=\"2\" data-layout=\"50-50\"><div class=\"wp-block-coblocks-row__inner has-no-padding has-no-margin is-stacked-on-mobile has-medium-gutter\">\n<div class=\"wp-block-coblocks-column coblocks-column-91117530989\" style=\"width:50%\"><div class=\"wp-block-coblocks-column__inner has-no-padding has-no-margin\">\n<div class=\"mb-5\">\n    <a class=\"link-box link-box-horizontal  p-3 px-4 has-color-white-background-color\" href=\"https:\/\/dev.platform24.com\/nl\/contact-us\/\">\n        <div class=\"row g-5 d-flex align-items-center\">\n            <div class=\"col-3\">\n                            <\/div>\n            <div class=\"col-9\">\n                    <h4 class=\"mb-3\"><\/h4>\n                    <p><\/p>\n                    <h3 class=\"is-style-Action-Title has-color-blue-dark-blue-color has-text-color mb-1\"><strong>The Netherlands<\/strong><\/h3>\n                    <p class=\"is-style-Body-Paragraph has-color-grey-body-text-grey-color has-text-color mb-0\">Rhijnspoorplein 10-38, office 113<br \/>\r\n1018 TX Amsterdam<\/p>\n                    <div class=\"link-box-horizontal-button mt-0\"><\/div>\n            <\/div>\n        <\/div>\n    <\/a>\n<\/div><\/div><\/div>\n\n\n\n<div class=\"wp-block-coblocks-column coblocks-column-91117530990\" style=\"width:50%\"><div class=\"wp-block-coblocks-column__inner has-no-padding has-no-margin\">\n<div class=\"mb-5\">\n    <a class=\"link-box link-box-horizontal  p-3 px-4 has-color-white-background-color\" href=\"https:\/\/dev.platform24.com\/dk\/contact-us\/\">\n        <div class=\"row g-5 d-flex align-items-center\">\n            <div class=\"col-3\">\n                            <\/div>\n            <div class=\"col-9\">\n                    <h4 class=\"mb-3\"><\/h4>\n                    <p><\/p>\n                    <h3 class=\"is-style-Action-Title has-color-blue-dark-blue-color has-text-color mb-1\"><strong>Denmark<\/strong><\/h3>\n                    <p class=\"is-style-Body-Paragraph has-color-grey-body-text-grey-color has-text-color mb-0\">Mariane Thomsens Gade 4 <br \/>\r\n4. sal, 8000 Aarhus<\/p>\n                    <div class=\"link-box-horizontal-button mt-0\"><\/div>\n            <\/div>\n        <\/div>\n    <\/a>\n<\/div><\/div><\/div>\n<\/div><\/div>\n<\/div><\/div>\n<\/div><\/div>\n<\/section>\n","protected":false},"excerpt":{"rendered":"","protected":false},"author":1,"featured_media":0,"parent":0,"menu_order":0,"comment_status":"closed","ping_status":"closed","template":"","meta":{"_acf_changed":false,"_coblocks_attr":"","_coblocks_dimensions":"","_coblocks_responsive_height":"","_coblocks_accordion_ie_support":"","_EventAllDay":false,"_EventTimezone":"","_EventStartDate":"","_EventEndDate":"","_EventStartDateUTC":"","_EventEndDateUTC":"","_EventShowMap":false,"_EventShowMapLink":false,"_EventURL":"","_EventCost":"","_EventCostDescription":"","_EventCurrencySymbol":"","_EventCurrencyCode":"","_EventCurrencyPosition":"","_EventDateTimeSeparator":"","_EventTimeRangeSeparator":"","_EventOrganizerID":[],"_EventVenueID":[],"_OrganizerEmail":"","_OrganizerPhone":"","_OrganizerWebsite":"","_VenueAddress":"","_VenueCity":"","_VenueCountry":"","_VenueProvince":"","_VenueState":"","_VenueZip":"","_VenuePhone":"","_VenueURL":"","_VenueStateProvince":"","_VenueLat":"","_VenueLng":"","_VenueShowMap":false,"_VenueShowMapLink":false,"footnotes":""},"categories":[],"class_list":["post-14034","page","type-page","status-publish","hentry"],"acf":[],"yoast_head":"<!-- This site is optimized with the Yoast SEO plugin v23.0 - https:\/\/yoast.com\/wordpress\/plugins\/seo\/ -->\n<title>Contact us - Platform24<\/title>\n<meta name=\"robots\" content=\"noindex, follow, max-snippet:-1, max-image-preview:large, max-video-preview:-1\" \/>\n<meta property=\"og:locale\" content=\"de_DE\" \/>\n<meta property=\"og:type\" content=\"article\" \/>\n<meta property=\"og:title\" content=\"Contact us - Platform24\" \/>\n<meta property=\"og:url\" content=\"https:\/\/dev.platform24.com\/de\/contact-us\/\" \/>\n<meta property=\"og:site_name\" content=\"Platform24\" \/>\n<meta name=\"twitter:card\" content=\"summary_large_image\" \/>\n<script type=\"application\/ld+json\" class=\"yoast-schema-graph\">{\"@context\":\"https:\/\/schema.org\",\"@graph\":[{\"@type\":\"WebPage\",\"@id\":\"https:\/\/dev.platform24.com\/de\/contact-us\/\",\"url\":\"https:\/\/dev.platform24.com\/de\/contact-us\/\",\"name\":\"Contact us - Platform24\",\"isPartOf\":{\"@id\":\"https:\/\/dev.platform24.com\/de\/#website\"},\"datePublished\":\"2021-10-07T13:56:58+00:00\",\"dateModified\":\"2021-10-07T13:56:58+00:00\",\"breadcrumb\":{\"@id\":\"https:\/\/dev.platform24.com\/de\/contact-us\/#breadcrumb\"},\"inLanguage\":\"de\",\"potentialAction\":[{\"@type\":\"ReadAction\",\"target\":[\"https:\/\/dev.platform24.com\/de\/contact-us\/\"]}]},{\"@type\":\"BreadcrumbList\",\"@id\":\"https:\/\/dev.platform24.com\/de\/contact-us\/#breadcrumb\",\"itemListElement\":[{\"@type\":\"ListItem\",\"position\":1,\"name\":\"Home\",\"item\":\"https:\/\/dev.platform24.com\/de\/\"},{\"@type\":\"ListItem\",\"position\":2,\"name\":\"Contact us\"}]},{\"@type\":\"WebSite\",\"@id\":\"https:\/\/dev.platform24.com\/de\/#website\",\"url\":\"https:\/\/dev.platform24.com\/de\/\",\"name\":\"Platform24\",\"description\":\"Modular healthtech for seamless care\",\"potentialAction\":[{\"@type\":\"SearchAction\",\"target\":{\"@type\":\"EntryPoint\",\"urlTemplate\":\"https:\/\/dev.platform24.com\/de\/?s={search_term_string}\"},\"query-input\":\"required name=search_term_string\"}],\"inLanguage\":\"de\"}]}<\/script>\n<!-- \/ Yoast SEO plugin. -->","yoast_head_json":{"title":"Contact us - Platform24","robots":{"index":"noindex","follow":"follow","max-snippet":"max-snippet:-1","max-image-preview":"max-image-preview:large","max-video-preview":"max-video-preview:-1"},"og_locale":"de_DE","og_type":"article","og_title":"Contact us - Platform24","og_url":"https:\/\/dev.platform24.com\/de\/contact-us\/","og_site_name":"Platform24","twitter_card":"summary_large_image","schema":{"@context":"https:\/\/schema.org","@graph":[{"@type":"WebPage","@id":"https:\/\/dev.platform24.com\/de\/contact-us\/","url":"https:\/\/dev.platform24.com\/de\/contact-us\/","name":"Contact us - Platform24","isPartOf":{"@id":"https:\/\/dev.platform24.com\/de\/#website"},"datePublished":"2021-10-07T13:56:58+00:00","dateModified":"2021-10-07T13:56:58+00:00","breadcrumb":{"@id":"https:\/\/dev.platform24.com\/de\/contact-us\/#breadcrumb"},"inLanguage":"de","potentialAction":[{"@type":"ReadAction","target":["https:\/\/dev.platform24.com\/de\/contact-us\/"]}]},{"@type":"BreadcrumbList","@id":"https:\/\/dev.platform24.com\/de\/contact-us\/#breadcrumb","itemListElement":[{"@type":"ListItem","position":1,"name":"Home","item":"https:\/\/dev.platform24.com\/de\/"},{"@type":"ListItem","position":2,"name":"Contact us"}]},{"@type":"WebSite","@id":"https:\/\/dev.platform24.com\/de\/#website","url":"https:\/\/dev.platform24.com\/de\/","name":"Platform24","description":"Modular healthtech for seamless care","potentialAction":[{"@type":"SearchAction","target":{"@type":"EntryPoint","urlTemplate":"https:\/\/dev.platform24.com\/de\/?s={search_term_string}"},"query-input":"required name=search_term_string"}],"inLanguage":"de"}]}},"_links":{"self":[{"href":"https:\/\/dev.platform24.com\/de\/wp-json\/wp\/v2\/pages\/14034","targetHints":{"allow":["GET"]}}],"collection":[{"href":"https:\/\/dev.platform24.com\/de\/wp-json\/wp\/v2\/pages"}],"about":[{"href":"https:\/\/dev.platform24.com\/de\/wp-json\/wp\/v2\/types\/page"}],"author":[{"embeddable":true,"href":"https:\/\/dev.platform24.com\/de\/wp-json\/wp\/v2\/users\/1"}],"replies":[{"embeddable":true,"href":"https:\/\/dev.platform24.com\/de\/wp-json\/wp\/v2\/comments?post=14034"}],"version-history":[{"count":0,"href":"https:\/\/dev.platform24.com\/de\/wp-json\/wp\/v2\/pages\/14034\/revisions"}],"wp:attachment":[{"href":"https:\/\/dev.platform24.com\/de\/wp-json\/wp\/v2\/media?parent=14034"}],"wp:term":[{"taxonomy":"category","embeddable":true,"href":"https:\/\/dev.platform24.com\/de\/wp-json\/wp\/v2\/categories?post=14034"}],"curies":[{"name":"wp","href":"https:\/\/api.w.org\/{rel}","templated":true}]}}