{"id":10125,"date":"2021-10-18T07:38:16","date_gmt":"2021-10-18T07:38:16","guid":{"rendered":"https:\/\/dev.platform24.com\/compliance\/"},"modified":"2023-12-22T13:33:25","modified_gmt":"2023-12-22T13:33:25","slug":"compliance","status":"publish","type":"page","link":"https:\/\/dev.platform24.com\/sv\/produkter\/compliance\/","title":{"rendered":"Compliance"},"content":{"rendered":"    <style scoped>\n        @media (max-width: 991px) {\n            section.header-background-image {\n                background-image: url('https:\/\/dev.platform24.com\/wp-content\/uploads\/2021\/10\/group-27.svg');\n                background-image: none;\n            }\n        }\n\n        @media (min-width: 992px) {\n            section.header-background-image .container {\n                margin-bottom: -30px;\n            }\n        }\n\n        section.header-background-image::before {\n            background-image: url('https:\/\/dev.platform24.com\/wp-content\/uploads\/2023\/09\/mdr.svg');\n                    }\n\n        .editor-style-wrapper section.header-background-text::before {}\n    <\/style>\n\n\n\n\n\n<section\n    class=\"wp-block-mkl-section-block alignfull d-flex align-items-top align-items-lg-center has-color-blue-background-light-blue-background-color header-background-image\"\n    style=\"padding-bottom:0px;padding-top:60px !important;\">\n    <div class=\"container  mt-lg-0\" Style=\"\">\n        <div class=\"row gx-5 d-lg-flex align-items-lg-center\">\n            <div class=\"d-none d-lg-block col-lg-6\">\n                            <\/div>\n            <div class=\"col-12 col-lg-6\">\n                <div class=\"header-text-field\">\n                    <h1\n                        class=\"has-color-blue-dark-blue-color has-text-color is-style-Header-large mb-3\">\n                        Compliance                    <\/h1>\n                    <h2 class=\"has-color-blue-dark-blue-color has-text-color is-style-Paragraph-large\">\n                        <p>Regelefterlevnad och certifieringar<\/p>\n                    <\/h2>\n                                    <\/div>\n            <\/div>\n        <\/div>\n\n    <\/div>\n\n\n\n\n<\/section>\n\n\n<section class=\"wp-block-mkl-section-block has-color-white-background-color\" style=\"padding-bottom:60px;padding-top:60px\">\n<div class=\"wp-block-group\"><div class=\"wp-block-group__inner-container is-layout-flow wp-block-group-is-layout-flow\">\n<div class=\"wp-block-coblocks-row coblocks-row-827161227190\" data-columns=\"2\" data-layout=\"50-50\"><div class=\"wp-block-coblocks-row__inner has-no-padding has-no-margin is-stacked-on-mobile are-vertically-aligned-center has-custom-gutter\" style=\"--coblocks-custom-gutter:3em\">\n<div class=\"wp-block-coblocks-column is-vertically-aligned-center coblocks-column-827161228849\" style=\"width:47.77%\"><div class=\"wp-block-coblocks-column__inner has-margin has-no-padding has-medium-margin\">\n<h2 class=\"wp-block-heading is-style-Header-medium\">MDR-certifierad Triage<\/h2>\n\n\n\n<div style=\"height:18px\" aria-hidden=\"true\" class=\"wp-block-spacer\"><\/div>\n\n\n\n<p>Platform24s triageprodukt \u00e4r certifierad enligt MDR, vilket st\u00e4ller h\u00f6ga krav p\u00e5 leverant\u00f6ren f\u00f6r att kvalitetss\u00e4kra, kliniskt underbygga, riskbed\u00f6ma och \u00f6vervaka medicintekniska produkter som s\u00e4tts p\u00e5 marknaden.&nbsp;<\/p>\n\n\n\n<p>Med en MDR-certifierad produkt kan du k\u00e4nna dig trygg med att f\u00f6retaget har l\u00e5ngsiktiga f\u00f6ruts\u00e4ttningar att bedriva ansvarsfull produktutveckling inom medicinteknisk mjukvara.<\/p>\n<\/div><\/div>\n\n\n\n<div class=\"wp-block-coblocks-column is-vertically-aligned-center coblocks-column-827161228851\" style=\"width:52.36%\"><div class=\"wp-block-coblocks-column__inner has-padding has-no-margin\">\n<figure class=\"wp-block-video\"><video height=\"1080\" style=\"aspect-ratio: 1920 \/ 1080;\" width=\"1920\" autoplay controls src=\"https:\/\/dev.platform24.com\/wp-content\/uploads\/2022\/06\/mdr-video.mp4\"><\/video><\/figure>\n<\/div><\/div>\n<\/div><\/div>\n<\/div><\/div>\n<\/section>\n\n\n\n<section class=\"wp-block-mkl-section-block has-color-blue-background-light-blue-background-color\" style=\"padding-bottom:60px;padding-top:60px\">\n<div class=\"wp-block-group\"><div class=\"wp-block-group__inner-container is-layout-flow wp-block-group-is-layout-flow\">\n<div class=\"wp-block-columns is-layout-flex wp-container-core-columns-is-layout-9d6595d7 wp-block-columns-is-layout-flex\">\n<div class=\"wp-block-column is-layout-flow wp-block-column-is-layout-flow\" style=\"flex-basis:100%\">\n<div class=\"wp-block-group\"><div class=\"wp-block-group__inner-container is-layout-flow wp-block-group-is-layout-flow\">\n<h2 class=\"wp-block-heading is-style-Header-medium\">Krav f\u00f6r MDR-certifiering<\/h2>\n\n\n\n<div style=\"height:22px\" aria-hidden=\"true\" class=\"wp-block-spacer\"><\/div>\n\n\n\n<div class=\"wp-block-group\"><div class=\"wp-block-group__inner-container is-layout-flow wp-block-group-is-layout-flow\">\n<div class=\"wp-block-columns is-layout-flex wp-container-core-columns-is-layout-9d6595d7 wp-block-columns-is-layout-flex\">\n<div class=\"wp-block-column is-layout-flow wp-block-column-is-layout-flow\">\n<div class=\"wp-block-group box-with-rounded-corners-and-shadow pb-0 has-no-padding has-color-grey-body-text-grey-color has-color-white-background-color has-text-color has-background\"><div class=\"wp-block-group__inner-container is-layout-flow wp-block-group-is-layout-flow\">\n<div class=\"wp-block-columns is-layout-flex wp-container-core-columns-is-layout-9d6595d7 wp-block-columns-is-layout-flex\">\n<div class=\"wp-block-column is-vertically-aligned-center is-layout-flow wp-block-column-is-layout-flow\">\n<div class=\"wp-block-columns mb-0 is-layout-flex wp-container-core-columns-is-layout-9d6595d7 wp-block-columns-is-layout-flex\">\n<div class=\"wp-block-column is-vertically-aligned-center is-layout-flow wp-block-column-is-layout-flow\">\n<h2 class=\"wp-block-heading is-style-Title-content has-color-blue-dark-blue-color has-text-color\" id=\"400-fall\"><strong><strong><strong>Klinisk utv\u00e4rdering<\/strong><\/strong><\/strong><\/h2>\n\n\n\n<p>Kontinuerligt bed\u00f6ma prestandan hos v\u00e5r triageprodukt och j\u00e4mf\u00f6ra den med liknande och alternativa produkter, f\u00f6r att s\u00e4kerst\u00e4lla att vi uppn\u00e5r minst samma tr\u00e4ffs\u00e4kerhet som traditionell triagering utf\u00f6rd av v\u00e5rdpersonal.<\/p>\n<\/div>\n<\/div>\n<\/div>\n<\/div>\n<\/div><\/div>\n\n\n\n<div style=\"height:26px\" aria-hidden=\"true\" class=\"wp-block-spacer\"><\/div>\n\n\n\n<div class=\"wp-block-group box-with-rounded-corners-and-shadow pb-0 has-no-padding has-color-grey-body-text-grey-color has-color-white-background-color has-text-color has-background\"><div class=\"wp-block-group__inner-container is-layout-flow wp-block-group-is-layout-flow\">\n<div class=\"wp-block-columns is-layout-flex wp-container-core-columns-is-layout-9d6595d7 wp-block-columns-is-layout-flex\">\n<div class=\"wp-block-column is-vertically-aligned-center is-layout-flow wp-block-column-is-layout-flow\">\n<div class=\"wp-block-columns mb-0 is-layout-flex wp-container-core-columns-is-layout-9d6595d7 wp-block-columns-is-layout-flex\">\n<div class=\"wp-block-column is-vertically-aligned-center is-layout-flow wp-block-column-is-layout-flow\">\n<h2 class=\"wp-block-heading is-style-Title-content has-color-blue-dark-blue-color has-text-color\" id=\"20\"><strong><strong><strong>Post-market surveillance<\/strong><\/strong><\/strong><\/h2>\n\n\n\n<p>Kontinuerligt och l\u00e5ngsiktigt s\u00e4kerst\u00e4lla att produkten uppfyller de regelverkets krav.<\/p>\n<\/div>\n<\/div>\n<\/div>\n<\/div>\n<\/div><\/div>\n<\/div>\n\n\n\n<div class=\"wp-block-column is-layout-flow wp-block-column-is-layout-flow\">\n<div class=\"wp-block-group box-with-rounded-corners-and-shadow pb-0 has-no-padding has-color-grey-body-text-grey-color has-color-white-background-color has-text-color has-background\"><div class=\"wp-block-group__inner-container is-layout-flow wp-block-group-is-layout-flow\">\n<div class=\"wp-block-columns is-layout-flex wp-container-core-columns-is-layout-9d6595d7 wp-block-columns-is-layout-flex\">\n<div class=\"wp-block-column is-vertically-aligned-center is-layout-flow wp-block-column-is-layout-flow\">\n<div class=\"wp-block-columns mb-0 is-layout-flex wp-container-core-columns-is-layout-9d6595d7 wp-block-columns-is-layout-flex\">\n<div class=\"wp-block-column is-vertically-aligned-center is-layout-flow wp-block-column-is-layout-flow\">\n<h2 class=\"wp-block-heading is-style-Title-content has-color-blue-dark-blue-color has-text-color\" id=\"20\"><strong><strong><strong>Riskhantering<\/strong><\/strong><\/strong><\/h2>\n\n\n\n<p>Matematiskt och evidensbaserat bed\u00f6ma riskerna kopplade till varje enskilt utvecklingsinitiativ g\u00e4llande v\u00e5ra produkter.<\/p>\n\n\n\n<p><\/p>\n<\/div>\n<\/div>\n\n\n\n<p><\/p>\n<\/div>\n<\/div>\n<\/div><\/div>\n<\/div>\n<\/div>\n<\/div><\/div>\n<\/div><\/div>\n<\/div>\n<\/div>\n<\/div><\/div>\n<\/section>\n\n\n\n<section class=\"wp-block-mkl-section-block has-color-white-background-color\" style=\"padding-bottom:60px;padding-top:60px\">\n<div class=\"wp-block-group\"><div class=\"wp-block-group__inner-container is-layout-flow wp-block-group-is-layout-flow\">\n<div class=\"wp-block-coblocks-row coblocks-row-827161227190\" data-columns=\"2\" data-layout=\"50-50\"><div class=\"wp-block-coblocks-row__inner has-no-padding has-no-margin is-stacked-on-mobile has-custom-gutter\" style=\"--coblocks-custom-gutter:3em\">\n<div class=\"wp-block-coblocks-column is-vertically-aligned-center coblocks-column-827161228849\" style=\"width:50%\"><div class=\"wp-block-coblocks-column__inner has-no-padding has-no-margin\">\n<figure class=\"wp-block-image size-full is-resized\"><img loading=\"lazy\" decoding=\"async\" width=\"1462\" height=\"2077\" src=\"https:\/\/dev.platform24.com\/wp-content\/uploads\/2022\/06\/artboard-242x.png\" alt=\"\" class=\"wp-image-3685\" style=\"width:408px;height:579px\"\/><\/figure>\n<\/div><\/div>\n\n\n\n<div class=\"wp-block-coblocks-column is-vertically-aligned-center coblocks-column-827161228851\" style=\"width:50%\"><div class=\"wp-block-coblocks-column__inner has-no-padding has-no-margin\">\n<h2 class=\"wp-block-heading is-style-Header-medium\" id=\"patient-centered-entry-point\">MDR-certifierad triage<\/h2>\n\n\n\n<h2 class=\"wp-block-heading is-style-Header-medium\" id=\"patient-centered-entry-point\">\u2013 S\u00e5 fungerar det<\/h2>\n\n\n\n<div style=\"height:18px\" aria-hidden=\"true\" class=\"wp-block-spacer\"><\/div>\n\n\n\n<p>I och med certifieringen blir det en tydlig separation mellan den medicinska logiken och triagemotorn, d\u00e4r endast motorn definieras som en medicinteknisk produkt. D\u00e4rmed ges goda m\u00f6jligheter f\u00f6r kunden att, som alternativ till den f\u00f6reslagna logiken, sj\u00e4lvst\u00e4ndigt kunna justera det medicinska inneh\u00e5llet. Det kan vara anv\u00e4ndbart f\u00f6r att exempelvis avg\u00f6ra vilka kombinationer av vilka symtom som f\u00e5r patienten h\u00e4nvisad till en viss v\u00e5rdniv\u00e5, eller f\u00f6r l\u00e4ttare kunna hantera exempelvis lokala variationer i verksamhetens \u00f6ppettider.<\/p>\n\n\n\n<p>Du kan l\u00e4sa mer om triage under&nbsp;<a href=\"https:\/\/platform24.com\/products\/self_service_automation\/\">sj\u00e4lvbetj\u00e4ning och automation<\/a><\/p>\n\n\n\n<p>Vid sidan av Triage24 har vi f\u00f6r avsikt att certifiera ytterligare medicintekniska mjukvaruprodukter som nu \u00e4r under utveckling. Vi ser fram emot att \u00e5terkomma till er med mer information om dessa.<\/p>\n\n\n\n<div style=\"height:18px\" aria-hidden=\"true\" class=\"wp-block-spacer\"><\/div>\n\n\n\n<div class=\"wp-block-buttons is-layout-flex wp-block-buttons-is-layout-flex\">\n<div class=\"wp-block-button\"><a class=\"wp-block-button__link wp-element-button\" href=\"https:\/\/dev.platform24.com\/se\/event\/webinarium-hur-paverkar-mdr-vardens-digitalisering\/\">Se webinar h\u00e4r<\/a><\/div>\n<\/div>\n<\/div><\/div>\n<\/div><\/div>\n<\/div><\/div>\n\n\n\n<p><\/p>\n<\/section>\n\n\n\n<section class=\"wp-block-mkl-section-block has-color-blue-background-light-blue-background-color\" style=\"padding-bottom:60px;padding-top:60px\">\n<div class=\"wp-block-group\"><div class=\"wp-block-group__inner-container is-layout-flow wp-block-group-is-layout-flow\">\n<div class=\"wp-block-coblocks-row coblocks-row-827161227190\" data-columns=\"2\" data-layout=\"50-50\"><div class=\"wp-block-coblocks-row__inner has-no-padding has-no-margin is-stacked-on-mobile are-vertically-aligned-center has-custom-gutter\" style=\"--coblocks-custom-gutter:5em\">\n<div class=\"wp-block-coblocks-column is-vertically-aligned-center coblocks-column-827161228849\" style=\"width:64.07%\"><div class=\"wp-block-coblocks-column__inner has-margin has-no-padding has-medium-margin\">\n<h2 class=\"wp-block-heading is-style-Header-medium\" id=\"welcoming-the-patient\">Platform24s triagemjukvara <\/h2>\n\n\n\n<h2 class=\"wp-block-heading is-style-Header-medium\" id=\"welcoming-the-patient\">blir MDR-certifierad<\/h2>\n\n\n\n<div style=\"height:18px\" aria-hidden=\"true\" class=\"wp-block-spacer\"><\/div>\n\n\n\n<p>\u201dMDR kr\u00e4ver en h\u00f6gre niv\u00e5 av \u201danv\u00e4ndarv\u00e4nlighet\u201d f\u00f6r att minimera h\u00e4lsorisker till f\u00f6ljd av avvikande patientbeteende. Platform24 utvecklar l\u00f6sningar som fungerar inte bara f\u00f6r nischade grupper, utan f\u00f6r varje l\u00e4kare och patient i ett sjukv\u00e5rdssystem.\u201d<\/p>\n\n\n\n<p><\/p>\n\n\n\n<div class=\"wp-block-buttons is-content-justification-left is-layout-flex wp-container-core-buttons-is-layout-fdcfc74e wp-block-buttons-is-layout-flex\">\n<div class=\"wp-block-button\"><a class=\"wp-block-button__link wp-element-button\" href=\"https:\/\/dev.platform24.com\/sv\/blog\/blog24\/platform24s-triaging-software-achieves-eu-mdr-certification\/\">L\u00e4s hela blogginl\u00e4gget<\/a><\/div>\n<\/div>\n<\/div><\/div>\n\n\n\n<div class=\"wp-block-coblocks-column is-vertically-aligned-top coblocks-column-827161228851\" style=\"width:36.20%\"><div class=\"wp-block-coblocks-column__inner has-padding has-no-margin\"><div class=\"wp-block-image\">\n<figure class=\"alignleft size-full is-resized\"><img loading=\"lazy\" decoding=\"async\" width=\"900\" height=\"885\" src=\"https:\/\/dev.platform24.com\/wp-content\/uploads\/2022\/06\/jin-bubble-transp.png\" alt=\"\" class=\"wp-image-3756\" style=\"width:270px;height:270px\"\/><figcaption class=\"wp-element-caption\"><strong>Jingcheng Zhao<\/strong>, Research and Real-World Data Manager<\/figcaption><\/figure>\n<\/div><\/div><\/div>\n<\/div><\/div>\n<\/div><\/div>\n\n\n\n<p><\/p>\n<\/section>\n\n\n\n<section class=\"wp-block-mkl-section-block has-color-white-background-color\" style=\"padding-bottom:60px;padding-top:60px\">\n<div class=\"wp-block-group\"><div class=\"wp-block-group__inner-container is-layout-flow wp-block-group-is-layout-flow\">\n<div class=\"wp-block-coblocks-row coblocks-row-827161227190\" data-columns=\"2\" data-layout=\"50-50\"><div class=\"wp-block-coblocks-row__inner has-no-padding has-no-margin is-stacked-on-mobile has-custom-gutter\" style=\"--coblocks-custom-gutter:5em\">\n<div class=\"wp-block-coblocks-column coblocks-column-827161228849\" style=\"width:54.62%\"><div class=\"wp-block-coblocks-column__inner has-margin has-no-padding has-medium-margin\">\n<h2 class=\"wp-block-heading is-style-Header-medium\">Vi tar det p\u00e5 allvar<\/h2>\n\n\n\n<div style=\"height:18px\" aria-hidden=\"true\" class=\"wp-block-spacer\"><\/div>\n\n\n\n<p>S\u00e4kerhet \u00e4r h\u00f6gsta prioritet f\u00f6r Platform24. Grunden f\u00f6r v\u00e5r s\u00e4kerhetsh\u00e5llning \u00e4r OWASP:s s\u00e4kerhetsverifieringsstandard f\u00f6r applikationer v4.0 (ASVS). Denna standard best\u00e5r av 3 s\u00e4kerhetsniv\u00e5er, fr\u00e5n niv\u00e5 1 som \u00e4r avsedd f\u00f6r grundl\u00e4ggande till\u00e4mpning av s\u00e4kerheten till niv\u00e5 3 (L3) som \u00e4r mycket str\u00e4ngare och passar f\u00f6r s\u00e4kerhetskritiska till\u00e4mpningar. P\u00e5 grund av den k\u00e4nsliga och, ur ett patients\u00e4kerhetsperspektiv, s\u00e4kerhetskritiska naturen i den data som hanteras och lagras i applikationen, har Platform24 valt att inrikta efterlevnaden till kraven i niv\u00e5 3 s\u00e5 som f\u00f6reskrivs av ASVS.<\/p>\n\n\n\n<p>Arkitekturen hos Platform24 och de tj\u00e4nster som byggts f\u00f6r att vara fullst\u00e4ndigt skalbara och effektiva och som har testats avseende belastning f\u00f6r hantering av en ih\u00e5llande bes\u00f6kstrafik av 240 000 samtidiga anv\u00e4ndare och toppar p\u00e5 300 000 samtidiga anv\u00e4ndare.<br><br>Platform24 Healthcare AB \u00e4r \u00e4ven certifierade enligt ISO 9001 och ISO 14001.<\/p>\n\n\n\n<p><\/p>\n<\/div><\/div>\n\n\n\n<div class=\"wp-block-coblocks-column coblocks-column-827161228851\" style=\"width:45.51%\"><div class=\"wp-block-coblocks-column__inner has-padding has-no-margin\">\n<figure class=\"wp-block-image size-large is-resized\"><img loading=\"lazy\" decoding=\"async\" width=\"1024\" height=\"533\" src=\"https:\/\/dev.platform24.com\/wp-content\/uploads\/2023\/08\/iso-logos-1024x533.png\" alt=\"\" class=\"wp-image-6148\" style=\"width:369px;height:auto\"\/><\/figure>\n<\/div><\/div>\n<\/div><\/div>\n<\/div><\/div>\n<\/section>\n","protected":false},"excerpt":{"rendered":"","protected":false},"author":2,"featured_media":0,"parent":10180,"menu_order":0,"comment_status":"closed","ping_status":"closed","template":"","meta":{"_acf_changed":false,"_coblocks_attr":"","_coblocks_dimensions":"{\"coblocks-column-827161228851\":{\"padding\":{}}}","_coblocks_responsive_height":"","_coblocks_accordion_ie_support":"","_EventAllDay":false,"_EventTimezone":"","_EventStartDate":"","_EventEndDate":"","_EventStartDateUTC":"","_EventEndDateUTC":"","_EventShowMap":false,"_EventShowMapLink":false,"_EventURL":"","_EventCost":"","_EventCostDescription":"","_EventCurrencySymbol":"","_EventCurrencyCode":"","_EventCurrencyPosition":"","_EventDateTimeSeparator":"","_EventTimeRangeSeparator":"","_EventOrganizerID":[],"_EventVenueID":[],"_OrganizerEmail":"","_OrganizerPhone":"","_OrganizerWebsite":"","_VenueAddress":"","_VenueCity":"","_VenueCountry":"","_VenueProvince":"","_VenueState":"","_VenueZip":"","_VenuePhone":"","_VenueURL":"","_VenueStateProvince":"","_VenueLat":"","_VenueLng":"","_VenueShowMap":false,"_VenueShowMapLink":false,"footnotes":""},"categories":[96],"class_list":["post-10125","page","type-page","status-publish","hentry","category-product-sv"],"acf":[],"yoast_head":"<!-- This site is optimized with the Yoast SEO plugin v23.0 - https:\/\/yoast.com\/wordpress\/plugins\/seo\/ -->\n<title>Compliance - Platform24<\/title>\n<meta name=\"robots\" content=\"noindex, follow, max-snippet:-1, max-image-preview:large, max-video-preview:-1\" \/>\n<meta property=\"og:locale\" content=\"sv_SE\" \/>\n<meta property=\"og:type\" content=\"article\" \/>\n<meta property=\"og:title\" content=\"Compliance - Platform24\" \/>\n<meta property=\"og:url\" content=\"https:\/\/dev.platform24.com\/sv\/produkter\/compliance\/\" \/>\n<meta property=\"og:site_name\" content=\"Platform24\" \/>\n<meta property=\"article:modified_time\" content=\"2023-12-22T13:33:25+00:00\" \/>\n<meta property=\"og:image\" content=\"https:\/\/dev.platform24.com\/wp-content\/uploads\/2022\/06\/artboard-242x.png\" \/>\n<meta name=\"twitter:card\" content=\"summary_large_image\" \/>\n<meta name=\"twitter:label1\" content=\"Ber\u00e4knad l\u00e4stid\" \/>\n\t<meta name=\"twitter:data1\" content=\"3 minuter\" \/>\n<script type=\"application\/ld+json\" class=\"yoast-schema-graph\">{\"@context\":\"https:\/\/schema.org\",\"@graph\":[{\"@type\":\"WebPage\",\"@id\":\"https:\/\/dev.platform24.com\/sv\/produkter\/compliance\/\",\"url\":\"https:\/\/dev.platform24.com\/sv\/produkter\/compliance\/\",\"name\":\"Compliance - Platform24\",\"isPartOf\":{\"@id\":\"https:\/\/dev.platform24.com\/sv\/#website\"},\"primaryImageOfPage\":{\"@id\":\"https:\/\/dev.platform24.com\/sv\/produkter\/compliance\/#primaryimage\"},\"image\":{\"@id\":\"https:\/\/dev.platform24.com\/sv\/produkter\/compliance\/#primaryimage\"},\"thumbnailUrl\":\"https:\/\/dev.platform24.com\/wp-content\/uploads\/2022\/06\/artboard-242x.png\",\"datePublished\":\"2021-10-18T07:38:16+00:00\",\"dateModified\":\"2023-12-22T13:33:25+00:00\",\"breadcrumb\":{\"@id\":\"https:\/\/dev.platform24.com\/sv\/produkter\/compliance\/#breadcrumb\"},\"inLanguage\":\"sv-SE\",\"potentialAction\":[{\"@type\":\"ReadAction\",\"target\":[\"https:\/\/dev.platform24.com\/sv\/produkter\/compliance\/\"]}]},{\"@type\":\"ImageObject\",\"inLanguage\":\"sv-SE\",\"@id\":\"https:\/\/dev.platform24.com\/sv\/produkter\/compliance\/#primaryimage\",\"url\":\"https:\/\/dev.platform24.com\/wp-content\/uploads\/2022\/06\/artboard-242x.png\",\"contentUrl\":\"https:\/\/dev.platform24.com\/wp-content\/uploads\/2022\/06\/artboard-242x.png\"},{\"@type\":\"BreadcrumbList\",\"@id\":\"https:\/\/dev.platform24.com\/sv\/produkter\/compliance\/#breadcrumb\",\"itemListElement\":[{\"@type\":\"ListItem\",\"position\":1,\"name\":\"Home\",\"item\":\"https:\/\/dev.platform24.com\/sv\/\"},{\"@type\":\"ListItem\",\"position\":2,\"name\":\"Produkter\",\"item\":\"https:\/\/dev.platform24.com\/sv\/produkter\/\"},{\"@type\":\"ListItem\",\"position\":3,\"name\":\"Compliance\"}]},{\"@type\":\"WebSite\",\"@id\":\"https:\/\/dev.platform24.com\/sv\/#website\",\"url\":\"https:\/\/dev.platform24.com\/sv\/\",\"name\":\"Platform24\",\"description\":\"Modular healthtech for seamless care\",\"potentialAction\":[{\"@type\":\"SearchAction\",\"target\":{\"@type\":\"EntryPoint\",\"urlTemplate\":\"https:\/\/dev.platform24.com\/sv\/?s={search_term_string}\"},\"query-input\":\"required name=search_term_string\"}],\"inLanguage\":\"sv-SE\"}]}<\/script>\n<!-- \/ Yoast SEO plugin. -->","yoast_head_json":{"title":"Compliance - Platform24","robots":{"index":"noindex","follow":"follow","max-snippet":"max-snippet:-1","max-image-preview":"max-image-preview:large","max-video-preview":"max-video-preview:-1"},"og_locale":"sv_SE","og_type":"article","og_title":"Compliance - Platform24","og_url":"https:\/\/dev.platform24.com\/sv\/produkter\/compliance\/","og_site_name":"Platform24","article_modified_time":"2023-12-22T13:33:25+00:00","og_image":[{"url":"https:\/\/dev.platform24.com\/wp-content\/uploads\/2022\/06\/artboard-242x.png"}],"twitter_card":"summary_large_image","twitter_misc":{"Ber\u00e4knad l\u00e4stid":"3 minuter"},"schema":{"@context":"https:\/\/schema.org","@graph":[{"@type":"WebPage","@id":"https:\/\/dev.platform24.com\/sv\/produkter\/compliance\/","url":"https:\/\/dev.platform24.com\/sv\/produkter\/compliance\/","name":"Compliance - Platform24","isPartOf":{"@id":"https:\/\/dev.platform24.com\/sv\/#website"},"primaryImageOfPage":{"@id":"https:\/\/dev.platform24.com\/sv\/produkter\/compliance\/#primaryimage"},"image":{"@id":"https:\/\/dev.platform24.com\/sv\/produkter\/compliance\/#primaryimage"},"thumbnailUrl":"https:\/\/dev.platform24.com\/wp-content\/uploads\/2022\/06\/artboard-242x.png","datePublished":"2021-10-18T07:38:16+00:00","dateModified":"2023-12-22T13:33:25+00:00","breadcrumb":{"@id":"https:\/\/dev.platform24.com\/sv\/produkter\/compliance\/#breadcrumb"},"inLanguage":"sv-SE","potentialAction":[{"@type":"ReadAction","target":["https:\/\/dev.platform24.com\/sv\/produkter\/compliance\/"]}]},{"@type":"ImageObject","inLanguage":"sv-SE","@id":"https:\/\/dev.platform24.com\/sv\/produkter\/compliance\/#primaryimage","url":"https:\/\/dev.platform24.com\/wp-content\/uploads\/2022\/06\/artboard-242x.png","contentUrl":"https:\/\/dev.platform24.com\/wp-content\/uploads\/2022\/06\/artboard-242x.png"},{"@type":"BreadcrumbList","@id":"https:\/\/dev.platform24.com\/sv\/produkter\/compliance\/#breadcrumb","itemListElement":[{"@type":"ListItem","position":1,"name":"Home","item":"https:\/\/dev.platform24.com\/sv\/"},{"@type":"ListItem","position":2,"name":"Produkter","item":"https:\/\/dev.platform24.com\/sv\/produkter\/"},{"@type":"ListItem","position":3,"name":"Compliance"}]},{"@type":"WebSite","@id":"https:\/\/dev.platform24.com\/sv\/#website","url":"https:\/\/dev.platform24.com\/sv\/","name":"Platform24","description":"Modular healthtech for seamless care","potentialAction":[{"@type":"SearchAction","target":{"@type":"EntryPoint","urlTemplate":"https:\/\/dev.platform24.com\/sv\/?s={search_term_string}"},"query-input":"required name=search_term_string"}],"inLanguage":"sv-SE"}]}},"_links":{"self":[{"href":"https:\/\/dev.platform24.com\/sv\/wp-json\/wp\/v2\/pages\/10125","targetHints":{"allow":["GET"]}}],"collection":[{"href":"https:\/\/dev.platform24.com\/sv\/wp-json\/wp\/v2\/pages"}],"about":[{"href":"https:\/\/dev.platform24.com\/sv\/wp-json\/wp\/v2\/types\/page"}],"author":[{"embeddable":true,"href":"https:\/\/dev.platform24.com\/sv\/wp-json\/wp\/v2\/users\/2"}],"replies":[{"embeddable":true,"href":"https:\/\/dev.platform24.com\/sv\/wp-json\/wp\/v2\/comments?post=10125"}],"version-history":[{"count":9,"href":"https:\/\/dev.platform24.com\/sv\/wp-json\/wp\/v2\/pages\/10125\/revisions"}],"predecessor-version":[{"id":11842,"href":"https:\/\/dev.platform24.com\/sv\/wp-json\/wp\/v2\/pages\/10125\/revisions\/11842"}],"up":[{"embeddable":true,"href":"https:\/\/dev.platform24.com\/sv\/wp-json\/wp\/v2\/pages\/10180"}],"wp:attachment":[{"href":"https:\/\/dev.platform24.com\/sv\/wp-json\/wp\/v2\/media?parent=10125"}],"wp:term":[{"taxonomy":"category","embeddable":true,"href":"https:\/\/dev.platform24.com\/sv\/wp-json\/wp\/v2\/categories?post=10125"}],"curies":[{"name":"wp","href":"https:\/\/api.w.org\/{rel}","templated":true}]}}