{"id":10133,"date":"2021-10-13T08:23:10","date_gmt":"2021-10-13T08:23:10","guid":{"rendered":"https:\/\/dev.platform24.com\/blog\/"},"modified":"2023-12-10T16:09:48","modified_gmt":"2023-12-10T16:09:48","slug":"blog","status":"publish","type":"page","link":"https:\/\/dev.platform24.com\/sv\/blog\/","title":{"rendered":"Blog24"},"content":{"rendered":"\n<section class=\"wp-block-mkl-section-block has-color-white-background-color\" style=\"padding-bottom:60px;padding-top:20px\">\n<div class=\"wp-block-group\"><div class=\"wp-block-group__inner-container is-layout-flow wp-block-group-is-layout-flow\">\n\n\n            <ul class=\"nav tab-menu mb-5\">\n                                    <li class=\"nav-item \">\n                        <a class=\"nav-link\" href=\"https:\/\/dev.platform24.com\/blog\/\">Blog<!--<br><br>https:\/\/dev.platform24.com\/blog\/<br>https:\/\/dev.platform24.com\/sv\/--><\/a>\n                    <\/li>\n                \n            <\/ul>\n\n\n<div class=\"wp-block-coblocks-row coblocks-row-10213470498\" data-columns=\"2\" data-layout=\"66-33\"><div class=\"wp-block-coblocks-row__inner has-no-padding has-no-margin is-stacked-on-mobile has-custom-gutter\" style=\"--coblocks-custom-gutter:5em\">\n<div class=\"wp-block-coblocks-column coblocks-column-10213474255\" style=\"width:52.38%\"><div class=\"wp-block-coblocks-column__inner has-no-padding has-no-margin\">\n<h2 class=\"wp-block-heading is-style-Header-large\" id=\"news-1\">Blog<\/h2>\n\n\n\n<h3 class=\"wp-block-heading is-style-Paragraph-large\" id=\"here-you-can-find-press-releases-and-the-latest-news-about-our-company-1\">H\u00e4r kan du l\u00e4sa intressanta blogginl\u00e4gg om v\u00e5rt f\u00f6retag.<\/h3>\n\n\n\n<div style=\"height:36px\" aria-hidden=\"true\" class=\"wp-block-spacer\"><\/div>\n<\/div><\/div>\n\n\n\n<div class=\"wp-block-coblocks-column has-text-align-right coblocks-column-10213474257\" style=\"width:46.62%\"><div class=\"wp-block-coblocks-column__inner has-no-padding has-no-margin\"><\/div><\/div>\n<\/div><\/div>\n\n\n\n\n<div class=\"content-news-home\">\n\n\n    <div class=\"row gx-5\">\n        <div class=\"col-12 col-lg-6\">\n\n            <div class=\"box-with-rounded-corners-and-shadow has-color-blue-light-blue-background-color has-background mb-5\">\n\n                                        <div class=\"row\">\n                            <div class=\"col-12 text-center has-color-white-color\">\n                                <div class=\"top-reads\">\n                                    <p class=\"mb-5 text-uppercase\">Mest l\u00e4sta<\/p>\n                                    <h3 class=\"has-color-white-color has-text-color\"><a href=\"https:\/\/dev.platform24.com\/sv\/blog\/blog24\/vad-ar-det-som-haller-tillbaka-egenmonitorering-i-sverige\/\">Vad \u00e4r det som h\u00e5ller tillbaka egenmonitorering i Sverige?<\/a><\/h3>\n                                    <p class=\"mb-5   \">\u00c5r 2050 kommer antalet personer som \u00e4r \u00f6ver 85 att f\u00f6rdubblas j\u00e4mf\u00f6rt med idag. Vi m\u00e5ste agera idag f\u00f6r att klara av den utmaning som detta inneb\u00e4r f\u00f6r framf\u00f6rallt  h\u00e4lso- och sjukv\u00e5rden imorgon.<\/p>\n                                    <h4 class=\"has-color-white-color has-text-color is-style-Menu-titles\"><a href=\"https:\/\/dev.platform24.com\/sv\/blog\/blog24\/vad-ar-det-som-haller-tillbaka-egenmonitorering-i-sverige\/\">L\u00e4s artikeln h\u00e4r <img decoding=\"async\" src=\"https:\/\/dev.platform24.com\/wp-content\/themes\/atlas\/arrow-button-right-white.svg\" style=\"height: 10px; margin-left: 5px; margin-bottom: 3px;\"><\/a><\/h4>\n                                <\/div>\n                            <\/div>\n                        <\/div>\n\n\n                                                <\/div>\n        <\/div>\n\n        <div class=\"col-12 col-lg-6\">\n            <div class=\"row\">\n                                        <div class=\"row gx-5 mb-5\">\n                            <div class=\"col-4 mb-3\">\n                                <div class=\"ratio ratio-1x1\">\n                                    <div  href=\"https:\/\/dev.platform24.com\/sv\/blog\/blog24\/mdr-nya-regelverket-okar-tryggheten-nar-varden-digitaliseras\/\" class=\"embed-responsive-item d-flex align-items-center justify-content-center\" style=\"background-image: url('https:\/\/dev.platform24.com\/wp-content\/uploads\/2022\/10\/mdr-certified.png'); background-size: cover; background-position: center center; border-radius: 1em;\">\n                                        <!--<div class=\"play-button\"><\/div>-->\n                                    <\/div>\n                                <\/div>\n                            <\/div>\n                            <div class=\"col-8\">\n                                                                <ul class=\"taglist mb-0\">\n                                    <li class=\"text-uppercase\">Digital H\u00e4lsa<\/li>                                <\/ul>\n                                <a href=\"https:\/\/dev.platform24.com\/sv\/blog\/blog24\/mdr-nya-regelverket-okar-tryggheten-nar-varden-digitaliseras\/\" class=\"has-color-grey-body-text-grey-color has-text-color\" style=\"text-decoration: none;\"><h3 class=\"is-style-Action-Title\">MDR: Nya regelverket \u00f6kar tryggheten n\u00e4r v\u00e5rden digitaliseras<\/h3>\n                                                                                <div class=\"small-author-signature d-flex align-items-center mb-3\">\n                                                <div class=\"blog-avatar\" style=\"background-image: url('https:\/\/dev.platform24.com\/wp-content\/uploads\/2022\/10\/sara-danborg.jpeg');\"><\/div>\n                                                <p class=\"mb-0\">Sara Dannborg<\/p>\n                                            <\/div>\n\n                                                                            \n                                <\/a>\n\n\n                            <\/div>\n                        <\/div>\n                                            <div class=\"row gx-5 mb-5\">\n                            <div class=\"col-4 mb-3\">\n                                <div class=\"ratio ratio-1x1\">\n                                    <div  href=\"https:\/\/dev.platform24.com\/sv\/blog\/blog24\/nasta-generation-av-privata-sjukvardsforsakringar-digital-first-och-individanpassat\/\" class=\"embed-responsive-item d-flex align-items-center justify-content-center\" style=\"background-image: url('https:\/\/dev.platform24.com\/wp-content\/uploads\/2022\/08\/2-2.png'); background-size: cover; background-position: center center; border-radius: 1em;\">\n                                        <!--<div class=\"play-button\"><\/div>-->\n                                    <\/div>\n                                <\/div>\n                            <\/div>\n                            <div class=\"col-8\">\n                                                                <ul class=\"taglist mb-0\">\n                                    <li class=\"text-uppercase\">Sjukv\u00e5rdsf\u00f6rs\u00e4kringar<\/li>                                <\/ul>\n                                <a href=\"https:\/\/dev.platform24.com\/sv\/blog\/blog24\/nasta-generation-av-privata-sjukvardsforsakringar-digital-first-och-individanpassat\/\" class=\"has-color-grey-body-text-grey-color has-text-color\" style=\"text-decoration: none;\"><h3 class=\"is-style-Action-Title\">N\u00e4sta generation av privata sjukv\u00e5rdsf\u00f6rs\u00e4kringar \u2013 \u201cdigital first\u201d och individanpassat<\/h3>\n                                                                                <div class=\"small-author-signature d-flex align-items-center mb-3\">\n                                                <div class=\"blog-avatar\" style=\"background-image: url('https:\/\/dev.platform24.com\/wp-content\/uploads\/2022\/04\/andreas-ringman-uggla-platform24.webp');\"><\/div>\n                                                <p class=\"mb-0\">Andreas Ringman Uggla<\/p>\n                                            <\/div>\n\n                                                                            \n                                <\/a>\n\n\n                            <\/div>\n                        <\/div>\n                                    \n            <\/div>\n        <\/div>\n    <\/div>                        \n<\/div><\/div><\/div>\n<\/section>\n\n\n\n<section class=\"wp-block-mkl-section-block has-color-grey-background-grey-background-color\" style=\"padding-bottom:60px;padding-top:60px\">\n<div class=\"wp-block-group\"><div class=\"wp-block-group__inner-container is-layout-flow wp-block-group-is-layout-flow\">\n\n\n<div class=\"news-list-wrapper\">\n    <div class=\"row gx-5 d-flex align-items-center mb-3\">\n        <div class=\"col-12 col-lg-6 mb-3\">\n            <h2 class=\"has-color-blue-dark-blue-color has-text-color is-style-Header-medium\">\n                Utvalda inl\u00e4gg            <\/h2>\n        <\/div>\n        <div class=\"d-none d-lg-block col-lg-6 mb-3\">\n            <div class=\"wp-block-button text-center text-lg-end is-style-btn-content \"><a class=\"wp-block-button__link\"\n                    href=\"https:\/\/dev.platform24.com\/sv\/blog\/blog24\/\">Visa alla inl\u00e4gg<\/a><\/div>\n        <\/div>\n    <\/div>\n\n\n    <div class=\"row gx-5\">\n        \n<div class=\"col-12  col-lg-4  mb-5\">\n    <a href=\"https:\/\/dev.platform24.com\/sv\/blog\/blog24\/vad-ar-det-som-haller-tillbaka-egenmonitorering-i-sverige\/\" class=\"article-box blog24 flex-column d-flex align-items-start h-100 \">\n        <div class=\"ratio ratio-16x9\">\n            <div  href=\"https:\/\/dev.platform24.com\/sv\/blog\/blog24\/vad-ar-det-som-haller-tillbaka-egenmonitorering-i-sverige\/\" class=\"embed-responsive-item d-flex align-items-center justify-content-center\" style=\"background-image: url('https:\/\/dev.platform24.com\/wp-content\/uploads\/2023\/03\/webinar-post-digitalization.png'); \">\n                <!--<div class=\"play-button\"><\/div>-->\n            <\/div>\n        <\/div>\n        <div class=\"p-4 pt-3 pb-3\">\n            <div class=\"row d-flex align-items-center mb-2\">\n                <div class=\"col-6\">\n                    \n                    <ul class=\"taglist\">\n                        <li class=\"text-uppercase\">Produkt<\/li>                    <\/ul>                    \n                <\/div>\n                <div class=\"col-6 text-end\">\n                                            <p class=\"is-style-Small-text mb-0 text-capitalize\">mar 15, 2023<\/p>\n                    \n                <\/div>\n            <\/div>\n\n            <h3 class=\"is-style-Action-Title\">Vad \u00e4r det som h\u00e5ller tillbaka egenmonitorering i Sverige?<\/h3>\n                    <\/div>\n        \n                <div class=\"small-author-signature mt-auto d-flex align-items-center mb-4 px-4\">\n                    <div class=\"blog-avatar\" style=\"background-image: url('https:\/\/dev.platform24.com\/wp-content\/uploads\/2023\/03\/screenshot-2023-03-15-at-164455.png');\"><\/div>\n                    <p class=\"mb-0\">Aleksandra Dennier<\/p>\n                <\/div>\n                  \n\n    <\/a>\n<\/div>\n\n\n\n\n\n<div class=\"col-12  col-lg-4  mb-5\">\n    <a href=\"https:\/\/dev.platform24.com\/sv\/blog\/blog24\/mdr-nya-regelverket-okar-tryggheten-nar-varden-digitaliseras\/\" class=\"article-box blog24 flex-column d-flex align-items-start h-100 \">\n        <div class=\"ratio ratio-16x9\">\n            <div  href=\"https:\/\/dev.platform24.com\/sv\/blog\/blog24\/mdr-nya-regelverket-okar-tryggheten-nar-varden-digitaliseras\/\" class=\"embed-responsive-item d-flex align-items-center justify-content-center\" style=\"background-image: url('https:\/\/dev.platform24.com\/wp-content\/uploads\/2022\/10\/mdr-certified.png'); \">\n                <!--<div class=\"play-button\"><\/div>-->\n            <\/div>\n        <\/div>\n        <div class=\"p-4 pt-3 pb-3\">\n            <div class=\"row d-flex align-items-center mb-2\">\n                <div class=\"col-6\">\n                    \n                    <ul class=\"taglist\">\n                        <li class=\"text-uppercase\">Digital H\u00e4lsa<\/li>                    <\/ul>                    \n                <\/div>\n                <div class=\"col-6 text-end\">\n                                            <p class=\"is-style-Small-text mb-0 text-capitalize\">okt 05, 2022<\/p>\n                    \n                <\/div>\n            <\/div>\n\n            <h3 class=\"is-style-Action-Title\">MDR: Nya regelverket \u00f6kar tryggheten n\u00e4r v\u00e5rden digitaliseras<\/h3>\n                    <\/div>\n        \n                <div class=\"small-author-signature mt-auto d-flex align-items-center mb-4 px-4\">\n                    <div class=\"blog-avatar\" style=\"background-image: url('https:\/\/dev.platform24.com\/wp-content\/uploads\/2022\/10\/sara-danborg.jpeg');\"><\/div>\n                    <p class=\"mb-0\">Sara Dannborg<\/p>\n                <\/div>\n                  \n\n    <\/a>\n<\/div>\n\n\n\n\n\n<div class=\"col-12  col-lg-4  mb-5\">\n    <a href=\"https:\/\/dev.platform24.com\/sv\/blog\/blog24\/nasta-generation-av-privata-sjukvardsforsakringar-digital-first-och-individanpassat\/\" class=\"article-box blog24 flex-column d-flex align-items-start h-100 \">\n        <div class=\"ratio ratio-16x9\">\n            <div  href=\"https:\/\/dev.platform24.com\/sv\/blog\/blog24\/nasta-generation-av-privata-sjukvardsforsakringar-digital-first-och-individanpassat\/\" class=\"embed-responsive-item d-flex align-items-center justify-content-center\" style=\"background-image: url('https:\/\/dev.platform24.com\/wp-content\/uploads\/2022\/08\/2-2.png'); \">\n                <!--<div class=\"play-button\"><\/div>-->\n            <\/div>\n        <\/div>\n        <div class=\"p-4 pt-3 pb-3\">\n            <div class=\"row d-flex align-items-center mb-2\">\n                <div class=\"col-6\">\n                    \n                    <ul class=\"taglist\">\n                        <li class=\"text-uppercase\">Sjukv\u00e5rdsf\u00f6rs\u00e4kringar<\/li>                    <\/ul>                    \n                <\/div>\n                <div class=\"col-6 text-end\">\n                                            <p class=\"is-style-Small-text mb-0 text-capitalize\">aug 16, 2022<\/p>\n                    \n                <\/div>\n            <\/div>\n\n            <h3 class=\"is-style-Action-Title\">N\u00e4sta generation av privata sjukv\u00e5rdsf\u00f6rs\u00e4kringar \u2013 \u201cdigital first\u201d och individanpassat<\/h3>\n                    <\/div>\n        \n                <div class=\"small-author-signature mt-auto d-flex align-items-center mb-4 px-4\">\n                    <div class=\"blog-avatar\" style=\"background-image: url('https:\/\/dev.platform24.com\/wp-content\/uploads\/2022\/04\/andreas-ringman-uggla-platform24.webp');\"><\/div>\n                    <p class=\"mb-0\">Andreas Ringman Uggla<\/p>\n                <\/div>\n                  \n\n    <\/a>\n<\/div>\n\n\n\n\n\n<div class=\"col-12  col-lg-4  mb-5\">\n    <a href=\"https:\/\/dev.platform24.com\/sv\/blog\/blog24\/platform24s-triagemjukvara-blir-certifierad-enligt-eu-standarden-mdr\/\" class=\"article-box blog24 flex-column d-flex align-items-start h-100 \">\n        <div class=\"ratio ratio-16x9\">\n            <div  href=\"https:\/\/dev.platform24.com\/sv\/blog\/blog24\/platform24s-triagemjukvara-blir-certifierad-enligt-eu-standarden-mdr\/\" class=\"embed-responsive-item d-flex align-items-center justify-content-center\" style=\"background-image: url('https:\/\/dev.platform24.com\/wp-content\/uploads\/2022\/06\/web-top-banners-copy.png'); \">\n                <!--<div class=\"play-button\"><\/div>-->\n            <\/div>\n        <\/div>\n        <div class=\"p-4 pt-3 pb-3\">\n            <div class=\"row d-flex align-items-center mb-2\">\n                <div class=\"col-6\">\n                    \n                    <ul class=\"taglist\">\n                        <li class=\"text-uppercase\">Produkt<\/li>                    <\/ul>                    \n                <\/div>\n                <div class=\"col-6 text-end\">\n                                            <p class=\"is-style-Small-text mb-0 text-capitalize\">jun 20, 2022<\/p>\n                    \n                <\/div>\n            <\/div>\n\n            <h3 class=\"is-style-Action-Title\">Platform24\u2019s triagemjukvara blir certifierad enligt EU-standarden MDR<\/h3>\n                    <\/div>\n        \n                <div class=\"small-author-signature mt-auto d-flex align-items-center mb-4 px-4\">\n                    <div class=\"blog-avatar\" style=\"background-image: url('https:\/\/dev.platform24.com\/wp-content\/uploads\/2022\/06\/screenshot-2022-06-30-at-150043.png');\"><\/div>\n                    <p class=\"mb-0\">Jingcheng Zhao MD PhD<\/p>\n                <\/div>\n                  \n\n    <\/a>\n<\/div>\n\n\n\n\n\n<div class=\"col-12  col-lg-4  mb-5\">\n    <a href=\"https:\/\/dev.platform24.com\/sv\/blog\/blog24\/akut-kronisk-digital-vard-sant\/\" class=\"article-box blog24 flex-column d-flex align-items-start h-100 \">\n        <div class=\"ratio ratio-16x9\">\n            <div  href=\"https:\/\/dev.platform24.com\/sv\/blog\/blog24\/akut-kronisk-digital-vard-sant\/\" class=\"embed-responsive-item d-flex align-items-center justify-content-center\" style=\"background-image: url('https:\/\/dev.platform24.com\/wp-content\/uploads\/2022\/06\/1.png'); \">\n                <!--<div class=\"play-button\"><\/div>-->\n            <\/div>\n        <\/div>\n        <div class=\"p-4 pt-3 pb-3\">\n            <div class=\"row d-flex align-items-center mb-2\">\n                <div class=\"col-6\">\n                    \n                    <ul class=\"taglist\">\n                        <li class=\"text-uppercase\">Digital H\u00e4lsa<\/li>                    <\/ul>                    \n                <\/div>\n                <div class=\"col-6 text-end\">\n                                            <p class=\"is-style-Small-text mb-0 text-capitalize\">jun 10, 2022<\/p>\n                    \n                <\/div>\n            <\/div>\n\n            <h3 class=\"is-style-Action-Title\">Akut + Kronisk digital v\u00e5rd = Sant<\/h3>\n                    <\/div>\n        \n                <div class=\"small-author-signature mt-auto d-flex align-items-center mb-4 px-4\">\n                    <div class=\"blog-avatar\" style=\"background-image: url('https:\/\/dev.platform24.com\/wp-content\/uploads\/2022\/04\/andreas-ringman-uggla-platform24.webp');\"><\/div>\n                    <p class=\"mb-0\">Andreas Ringman Uggla<\/p>\n                <\/div>\n                  \n\n    <\/a>\n<\/div>\n\n\n\n\n\n<div class=\"col-12  col-lg-4  mb-5\">\n    <a href=\"https:\/\/dev.platform24.com\/sv\/blog\/blog24\/hur-ser-svensk-sjukvard-ut-2030\/\" class=\"article-box blog24 flex-column d-flex align-items-start h-100 \">\n        <div class=\"ratio ratio-16x9\">\n            <div  href=\"https:\/\/dev.platform24.com\/sv\/blog\/blog24\/hur-ser-svensk-sjukvard-ut-2030\/\" class=\"embed-responsive-item d-flex align-items-center justify-content-center\" style=\"background-image: url('https:\/\/dev.platform24.com\/wp-content\/uploads\/2022\/03\/webinar-post.webp'); \">\n                <!--<div class=\"play-button\"><\/div>-->\n            <\/div>\n        <\/div>\n        <div class=\"p-4 pt-3 pb-3\">\n            <div class=\"row d-flex align-items-center mb-2\">\n                <div class=\"col-6\">\n                    \n                    <ul class=\"taglist\">\n                        <li class=\"text-uppercase\">Webinar<\/li>                    <\/ul>                    \n                <\/div>\n                <div class=\"col-6 text-end\">\n                                            <p class=\"is-style-Small-text mb-0 text-capitalize\">mar 28, 2022<\/p>\n                    \n                <\/div>\n            <\/div>\n\n            <h3 class=\"is-style-Action-Title\">Hur ser svensk sjukv\u00e5rd ut 2030?<\/h3>\n                    <\/div>\n        \n                <div class=\"small-author-signature mt-auto d-flex align-items-center mb-4 px-4\">\n                    <div class=\"blog-avatar\" style=\"background-image: url('https:\/\/dev.platform24.com\/wp-content\/uploads\/2022\/01\/authors-image-1.png');\"><\/div>\n                    <p class=\"mb-0\">Platform24<\/p>\n                <\/div>\n                  \n\n    <\/a>\n<\/div>\n\n\n\n\n\n\n                    <div class=\"col-12\">\n            <div class=\"wp-block-button text-center text-lg-end is-style-btn-content \"><a class=\"wp-block-button__link\"\n                    href=\"https:\/\/dev.platform24.com\/sv\/blog\/blog24\/\">Visa alla inl\u00e4gg<\/a><\/div>\n        <\/div>\n    <\/div>\n<\/div><\/div><\/div>\n<\/section>\n","protected":false},"excerpt":{"rendered":"<p>Here you can find the latest updates and product releases about our company.<\/p>\n","protected":false},"author":3,"featured_media":0,"parent":0,"menu_order":0,"comment_status":"closed","ping_status":"closed","template":"","meta":{"_acf_changed":false,"_coblocks_attr":"","_coblocks_dimensions":"","_coblocks_responsive_height":"","_coblocks_accordion_ie_support":"","_EventAllDay":false,"_EventTimezone":"","_EventStartDate":"","_EventEndDate":"","_EventStartDateUTC":"","_EventEndDateUTC":"","_EventShowMap":false,"_EventShowMapLink":false,"_EventURL":"","_EventCost":"","_EventCostDescription":"","_EventCurrencySymbol":"","_EventCurrencyCode":"","_EventCurrencyPosition":"","_EventDateTimeSeparator":"","_EventTimeRangeSeparator":"","_EventOrganizerID":[],"_EventVenueID":[],"_OrganizerEmail":"","_OrganizerPhone":"","_OrganizerWebsite":"","_VenueAddress":"","_VenueCity":"","_VenueCountry":"","_VenueProvince":"","_VenueState":"","_VenueZip":"","_VenuePhone":"","_VenueURL":"","_VenueStateProvince":"","_VenueLat":"","_VenueLng":"","_VenueShowMap":false,"_VenueShowMapLink":false,"footnotes":""},"categories":[],"class_list":["post-10133","page","type-page","status-publish","hentry"],"acf":[],"yoast_head":"<!-- This site is optimized with the Yoast SEO plugin v23.0 - https:\/\/yoast.com\/wordpress\/plugins\/seo\/ -->\n<title>Blog24 - Platform24<\/title>\n<meta name=\"robots\" content=\"noindex, follow, max-snippet:-1, max-image-preview:large, max-video-preview:-1\" \/>\n<meta property=\"og:locale\" content=\"sv_SE\" \/>\n<meta property=\"og:type\" content=\"article\" \/>\n<meta property=\"og:title\" content=\"Blog24 - Platform24\" \/>\n<meta property=\"og:description\" content=\"Here you can find the latest updates and product releases about our company.\" \/>\n<meta property=\"og:url\" content=\"https:\/\/dev.platform24.com\/sv\/blog\/\" \/>\n<meta property=\"og:site_name\" content=\"Platform24\" \/>\n<meta property=\"article:modified_time\" content=\"2023-12-10T16:09:48+00:00\" \/>\n<meta name=\"twitter:card\" content=\"summary_large_image\" \/>\n<meta name=\"twitter:label1\" content=\"Ber\u00e4knad l\u00e4stid\" \/>\n\t<meta name=\"twitter:data1\" content=\"1 minut\" \/>\n<script type=\"application\/ld+json\" class=\"yoast-schema-graph\">{\"@context\":\"https:\/\/schema.org\",\"@graph\":[{\"@type\":\"WebPage\",\"@id\":\"https:\/\/dev.platform24.com\/sv\/blog\/\",\"url\":\"https:\/\/dev.platform24.com\/sv\/blog\/\",\"name\":\"Blog24 - Platform24\",\"isPartOf\":{\"@id\":\"https:\/\/dev.platform24.com\/sv\/#website\"},\"datePublished\":\"2021-10-13T08:23:10+00:00\",\"dateModified\":\"2023-12-10T16:09:48+00:00\",\"breadcrumb\":{\"@id\":\"https:\/\/dev.platform24.com\/sv\/blog\/#breadcrumb\"},\"inLanguage\":\"sv-SE\",\"potentialAction\":[{\"@type\":\"ReadAction\",\"target\":[\"https:\/\/dev.platform24.com\/sv\/blog\/\"]}]},{\"@type\":\"BreadcrumbList\",\"@id\":\"https:\/\/dev.platform24.com\/sv\/blog\/#breadcrumb\",\"itemListElement\":[{\"@type\":\"ListItem\",\"position\":1,\"name\":\"Home\",\"item\":\"https:\/\/dev.platform24.com\/sv\/\"},{\"@type\":\"ListItem\",\"position\":2,\"name\":\"Blog24\"}]},{\"@type\":\"WebSite\",\"@id\":\"https:\/\/dev.platform24.com\/sv\/#website\",\"url\":\"https:\/\/dev.platform24.com\/sv\/\",\"name\":\"Platform24\",\"description\":\"Modular healthtech for seamless care\",\"potentialAction\":[{\"@type\":\"SearchAction\",\"target\":{\"@type\":\"EntryPoint\",\"urlTemplate\":\"https:\/\/dev.platform24.com\/sv\/?s={search_term_string}\"},\"query-input\":\"required name=search_term_string\"}],\"inLanguage\":\"sv-SE\"}]}<\/script>\n<!-- \/ Yoast SEO plugin. -->","yoast_head_json":{"title":"Blog24 - Platform24","robots":{"index":"noindex","follow":"follow","max-snippet":"max-snippet:-1","max-image-preview":"max-image-preview:large","max-video-preview":"max-video-preview:-1"},"og_locale":"sv_SE","og_type":"article","og_title":"Blog24 - Platform24","og_description":"Here you can find the latest updates and product releases about our company.","og_url":"https:\/\/dev.platform24.com\/sv\/blog\/","og_site_name":"Platform24","article_modified_time":"2023-12-10T16:09:48+00:00","twitter_card":"summary_large_image","twitter_misc":{"Ber\u00e4knad l\u00e4stid":"1 minut"},"schema":{"@context":"https:\/\/schema.org","@graph":[{"@type":"WebPage","@id":"https:\/\/dev.platform24.com\/sv\/blog\/","url":"https:\/\/dev.platform24.com\/sv\/blog\/","name":"Blog24 - Platform24","isPartOf":{"@id":"https:\/\/dev.platform24.com\/sv\/#website"},"datePublished":"2021-10-13T08:23:10+00:00","dateModified":"2023-12-10T16:09:48+00:00","breadcrumb":{"@id":"https:\/\/dev.platform24.com\/sv\/blog\/#breadcrumb"},"inLanguage":"sv-SE","potentialAction":[{"@type":"ReadAction","target":["https:\/\/dev.platform24.com\/sv\/blog\/"]}]},{"@type":"BreadcrumbList","@id":"https:\/\/dev.platform24.com\/sv\/blog\/#breadcrumb","itemListElement":[{"@type":"ListItem","position":1,"name":"Home","item":"https:\/\/dev.platform24.com\/sv\/"},{"@type":"ListItem","position":2,"name":"Blog24"}]},{"@type":"WebSite","@id":"https:\/\/dev.platform24.com\/sv\/#website","url":"https:\/\/dev.platform24.com\/sv\/","name":"Platform24","description":"Modular healthtech for seamless care","potentialAction":[{"@type":"SearchAction","target":{"@type":"EntryPoint","urlTemplate":"https:\/\/dev.platform24.com\/sv\/?s={search_term_string}"},"query-input":"required name=search_term_string"}],"inLanguage":"sv-SE"}]}},"_links":{"self":[{"href":"https:\/\/dev.platform24.com\/sv\/wp-json\/wp\/v2\/pages\/10133","targetHints":{"allow":["GET"]}}],"collection":[{"href":"https:\/\/dev.platform24.com\/sv\/wp-json\/wp\/v2\/pages"}],"about":[{"href":"https:\/\/dev.platform24.com\/sv\/wp-json\/wp\/v2\/types\/page"}],"author":[{"embeddable":true,"href":"https:\/\/dev.platform24.com\/sv\/wp-json\/wp\/v2\/users\/3"}],"replies":[{"embeddable":true,"href":"https:\/\/dev.platform24.com\/sv\/wp-json\/wp\/v2\/comments?post=10133"}],"version-history":[{"count":6,"href":"https:\/\/dev.platform24.com\/sv\/wp-json\/wp\/v2\/pages\/10133\/revisions"}],"predecessor-version":[{"id":10951,"href":"https:\/\/dev.platform24.com\/sv\/wp-json\/wp\/v2\/pages\/10133\/revisions\/10951"}],"wp:attachment":[{"href":"https:\/\/dev.platform24.com\/sv\/wp-json\/wp\/v2\/media?parent=10133"}],"wp:term":[{"taxonomy":"category","embeddable":true,"href":"https:\/\/dev.platform24.com\/sv\/wp-json\/wp\/v2\/categories?post=10133"}],"curies":[{"name":"wp","href":"https:\/\/api.w.org\/{rel}","templated":true}]}}