{"id":9861,"date":"2023-11-30T10:19:14","date_gmt":"2023-11-30T10:19:14","guid":{"rendered":"https:\/\/dev.platform24.com\/manuals\/"},"modified":"2023-12-18T16:42:19","modified_gmt":"2023-12-18T16:42:19","slug":"manuals","status":"publish","type":"page","link":"https:\/\/dev.platform24.com\/sv\/manuals\/","title":{"rendered":"Manuals"},"content":{"rendered":"\n<section class=\"wp-block-mkl-section-block has-color-blue-dark-blue-background-color inverted-border-radius-top\" style=\"color:#FFFFFF;padding-bottom:120px;padding-top:120px\">\n<h1 class=\"wp-block-heading has-text-align-center is-style-Header-large mb-0 has-color-white-color has-text-color has-link-color wp-elements-b5baa604ed3b9072a897d436ad715db0\" id=\"contact-us\"><strong>Anv\u00e4ndarmanualer<\/strong><\/h1>\n\n\n\n<div style=\"height:20px\" aria-hidden=\"true\" class=\"wp-block-spacer\"><\/div>\n\n\n\n<div class=\"wp-block-coblocks-row coblocks-row-1028171418430\" data-columns=\"3\" data-layout=\"50-25-25\"><div class=\"wp-block-coblocks-row__inner has-no-padding has-no-margin is-stacked-on-mobile has-medium-gutter\">\n<div class=\"wp-block-coblocks-column coblocks-column-1028171425678\" style=\"width:20.00%\"><div class=\"wp-block-coblocks-column__inner has-no-padding has-no-margin\"><\/div><\/div>\n\n\n\n<div class=\"wp-block-coblocks-column coblocks-column-1028171425680\" style=\"width:60.00%\"><div class=\"wp-block-coblocks-column__inner has-no-padding has-no-margin\">\n<h2 class=\"wp-block-heading has-text-align-center is-style-Body-Paragraph has-color-white-color has-text-color has-link-color wp-elements-970d506492d8cc3c0c2d2797205acde5\" id=\"would-you-like-to-know-more-about-our-solutions-for-digi-physical-patient-pathways-please-enter-your-details-and-we-will-contact-you-at-our-earliest-opportunity\">H\u00e4r hittar du anv\u00e4ndarmanualer med beskrivningar och steg-f\u00f6r-steg instruktioner om hur du anv\u00e4nder de olika anv\u00e4ndargr\u00e4nssnitten av Platform24.<\/h2>\n<\/div><\/div>\n\n\n\n<div class=\"wp-block-coblocks-column coblocks-column-1028171425681\" style=\"width:20.00%\"><div class=\"wp-block-coblocks-column__inner has-no-padding has-no-margin\"><\/div><\/div>\n<\/div><\/div>\n<\/section>\n\n\n\n<section class=\"wp-block-mkl-section-block has-color-white-background-color\" style=\"padding-bottom:60px;padding-top:60px\">\n<div class=\"wp-block-group\"><div class=\"wp-block-group__inner-container is-layout-constrained wp-block-group-is-layout-constrained\">\n<h2 class=\"wp-block-heading is-style-Header-medium\">Clinic anv\u00e4ndarmanual, all markets<\/h2>\n\n\n\n<div style=\"height:30px\" aria-hidden=\"true\" class=\"wp-block-spacer\"><\/div>\n\n\n\n<div class=\"wp-block-columns is-layout-flex wp-container-core-columns-is-layout-9d6595d7 wp-block-columns-is-layout-flex\">\n<div class=\"wp-block-column is-layout-flow wp-block-column-is-layout-flow\"><div class=\"mb-3\">\n    <a class=\"link-box link-box-horizontal  p-3 px-4 has-color-white-background-color\" href=\"https:\/\/dev.platform24.com\/wp-content\/uploads\/2023\/11\/release-notes-week-42-2.pdf\" target=\"_blank\">\n        <div class=\"row d-flex align-items-center\">\n            <div class=\"col-3\">\n                                    <div class=\"ratio ratio-1x1\" >\n                        <div class=\"embed-responsive-item d-flex align-items-center justify-content-center\" style=\"background-image: url('https:\/\/dev.platform24.com\/wp-content\/themes\/atlas\/img\/artboard-414.svg'); background-size: contain; background-repeat: no-repeat; transition: all .3s ease-in-out;\">\n                             \n\n                        <\/div>\n                    <\/div>\n                            <\/div>\n            <div class=\"col-9\">\n                \n                    <h4 class=\"mb-3\"><\/h4>\n                    <p><\/p>\n                    <h3 class=\"is-style-Action-Title has-color-blue-dark-blue-color has-text-color mb-1\"><strong>Clinic anv\u00e4ndarmanual<\/strong><span class=\"heading-tag\">Ny<\/span><\/h3>\n                    <p class=\"is-style-Body-Paragraph has-color-grey-body-text-grey-color has-text-color mb-0\">v 6.0<\/p>\n                    <div class=\"link-box-horizontal-button mt-0\">Read document here<\/div>\n                                       \n            <\/div>\n        <\/div>\n    <\/a>\n<\/div>\n\n<\/div>\n\n\n\n<div class=\"wp-block-column is-layout-flow wp-block-column-is-layout-flow\"><\/div>\n\n\n\n<div class=\"wp-block-column is-layout-flow wp-block-column-is-layout-flow\"><\/div>\n<\/div>\n<\/div><\/div>\n<\/section>\n\n\n\n<section class=\"wp-block-mkl-section-block has-color-white-background-color\" style=\"padding-bottom:60px;padding-top:60px\">\n<div class=\"wp-block-group\"><div class=\"wp-block-group__inner-container is-layout-constrained wp-block-group-is-layout-constrained\">\n<h2 class=\"wp-block-heading is-style-Header-medium\">Assisterad triage f\u00f6r Clinic anv\u00e4ndarmanual, Swedish market<\/h2>\n\n\n\n<div style=\"height:30px\" aria-hidden=\"true\" class=\"wp-block-spacer\"><\/div>\n\n\n\n<div class=\"wp-block-columns is-layout-flex wp-container-core-columns-is-layout-9d6595d7 wp-block-columns-is-layout-flex\">\n<div class=\"wp-block-column is-layout-flow wp-block-column-is-layout-flow\"><div class=\"mb-3\">\n    <a class=\"link-box link-box-horizontal  p-3 px-4 has-color-white-background-color\" href=\"https:\/\/dev.platform24.com\/wp-content\/uploads\/2023\/11\/release-notes-week-42-2.pdf\" target=\"_blank\">\n        <div class=\"row d-flex align-items-center\">\n            <div class=\"col-3\">\n                                    <div class=\"ratio ratio-1x1\" >\n                        <div class=\"embed-responsive-item d-flex align-items-center justify-content-center\" style=\"background-image: url('https:\/\/dev.platform24.com\/wp-content\/themes\/atlas\/img\/artboard-414.svg'); background-size: contain; background-repeat: no-repeat; transition: all .3s ease-in-out;\">\n                             \n\n                        <\/div>\n                    <\/div>\n                            <\/div>\n            <div class=\"col-9\">\n                \n                    <h4 class=\"mb-3\"><\/h4>\n                    <p><\/p>\n                    <h3 class=\"is-style-Action-Title has-color-blue-dark-blue-color has-text-color mb-1\"><strong>Assisterad triage<\/strong><span class=\"heading-tag\">Ny<\/span><\/h3>\n                    <p class=\"is-style-Body-Paragraph has-color-grey-body-text-grey-color has-text-color mb-0\">v 7.0<\/p>\n                    <div class=\"link-box-horizontal-button mt-0\">Read document here<\/div>\n                                       \n            <\/div>\n        <\/div>\n    <\/a>\n<\/div>\n\n<\/div>\n\n\n\n<div class=\"wp-block-column is-layout-flow wp-block-column-is-layout-flow\"><\/div>\n\n\n\n<div class=\"wp-block-column is-layout-flow wp-block-column-is-layout-flow\"><\/div>\n<\/div>\n<\/div><\/div>\n<\/section>\n\n\n\n<section class=\"wp-block-mkl-section-block has-color-white-background-color\" style=\"padding-bottom:60px;padding-top:60px\">\n<div class=\"wp-block-group\"><div class=\"wp-block-group__inner-container is-layout-constrained wp-block-group-is-layout-constrained\">\n<h2 class=\"wp-block-heading is-style-Header-medium\">Manage anv\u00e4ndarmanual, Swedish market<\/h2>\n\n\n\n<div style=\"height:30px\" aria-hidden=\"true\" class=\"wp-block-spacer\"><\/div>\n\n\n\n<div class=\"wp-block-columns is-layout-flex wp-container-core-columns-is-layout-9d6595d7 wp-block-columns-is-layout-flex\">\n<div class=\"wp-block-column is-layout-flow wp-block-column-is-layout-flow\"><div class=\"mb-3\">\n    <a class=\"link-box link-box-horizontal  p-3 px-4 has-color-white-background-color\" href=\"https:\/\/dev.platform24.com\/wp-content\/uploads\/2023\/11\/release-notes-week-42-2.pdf\" target=\"_blank\">\n        <div class=\"row d-flex align-items-center\">\n            <div class=\"col-3\">\n                                    <div class=\"ratio ratio-1x1\" >\n                        <div class=\"embed-responsive-item d-flex align-items-center justify-content-center\" style=\"background-image: url('https:\/\/dev.platform24.com\/wp-content\/themes\/atlas\/img\/artboard-414.svg'); background-size: contain; background-repeat: no-repeat; transition: all .3s ease-in-out;\">\n                             \n\n                        <\/div>\n                    <\/div>\n                            <\/div>\n            <div class=\"col-9\">\n                \n                    <h4 class=\"mb-3\"><\/h4>\n                    <p><\/p>\n                    <h3 class=\"is-style-Action-Title has-color-blue-dark-blue-color has-text-color mb-1\"><strong>Manage<\/strong><span class=\"heading-tag\">New<\/span><\/h3>\n                    <p class=\"is-style-Body-Paragraph has-color-grey-body-text-grey-color has-text-color mb-0\">v 6.0<\/p>\n                    <div class=\"link-box-horizontal-button mt-0\">Read document here<\/div>\n                                       \n            <\/div>\n        <\/div>\n    <\/a>\n<\/div>\n\n<\/div>\n\n\n\n<div class=\"wp-block-column is-layout-flow wp-block-column-is-layout-flow\"><\/div>\n\n\n\n<div class=\"wp-block-column is-layout-flow wp-block-column-is-layout-flow\"><\/div>\n<\/div>\n<\/div><\/div>\n<\/section>\n\n\n\n<section class=\"wp-block-mkl-section-block has-color-white-background-color\" style=\"padding-bottom:60px;padding-top:60px\">\n<div class=\"wp-block-group\"><div class=\"wp-block-group__inner-container is-layout-constrained wp-block-group-is-layout-constrained\">\n<h2 class=\"wp-block-heading is-style-Header-medium\">Content Studio anv\u00e4ndarmanual, Swedish market<\/h2>\n\n\n\n<div style=\"height:30px\" aria-hidden=\"true\" class=\"wp-block-spacer\"><\/div>\n\n\n\n<div class=\"wp-block-columns is-layout-flex wp-container-core-columns-is-layout-9d6595d7 wp-block-columns-is-layout-flex\">\n<div class=\"wp-block-column is-layout-flow wp-block-column-is-layout-flow\"><div class=\"mb-3\">\n    <a class=\"link-box link-box-horizontal  p-3 px-4 has-color-white-background-color\" href=\"https:\/\/dev.platform24.com\/wp-content\/uploads\/2023\/11\/release-notes-week-42-2.pdf\" target=\"_blank\">\n        <div class=\"row d-flex align-items-center\">\n            <div class=\"col-3\">\n                                    <div class=\"ratio ratio-1x1\" >\n                        <div class=\"embed-responsive-item d-flex align-items-center justify-content-center\" style=\"background-image: url('https:\/\/dev.platform24.com\/wp-content\/themes\/atlas\/img\/artboard-414.svg'); background-size: contain; background-repeat: no-repeat; transition: all .3s ease-in-out;\">\n                             \n\n                        <\/div>\n                    <\/div>\n                            <\/div>\n            <div class=\"col-9\">\n                \n                    <h4 class=\"mb-3\"><\/h4>\n                    <p><\/p>\n                    <h3 class=\"is-style-Action-Title has-color-blue-dark-blue-color has-text-color mb-1\"><strong>Content Studio<\/strong><\/h3>\n                    <p class=\"is-style-Body-Paragraph has-color-grey-body-text-grey-color has-text-color mb-0\">v 1.0<\/p>\n                    <div class=\"link-box-horizontal-button mt-0\">Read document here<\/div>\n                                       \n            <\/div>\n        <\/div>\n    <\/a>\n<\/div>\n\n<\/div>\n\n\n\n<div class=\"wp-block-column is-layout-flow wp-block-column-is-layout-flow\"><div class=\"mb-3\">\n    <a class=\"link-box link-box-horizontal  p-3 px-4 has-color-white-background-color\" href=\"https:\/\/dev.platform24.com\/wp-content\/uploads\/2023\/11\/release-notes-week-42-2.pdf\" target=\"_blank\">\n        <div class=\"row d-flex align-items-center\">\n            <div class=\"col-3\">\n                                    <div class=\"ratio ratio-1x1\" >\n                        <div class=\"embed-responsive-item d-flex align-items-center justify-content-center\" style=\"background-image: url('https:\/\/dev.platform24.com\/wp-content\/themes\/atlas\/img\/artboard-414.svg'); background-size: contain; background-repeat: no-repeat; transition: all .3s ease-in-out;\">\n                             \n\n                        <\/div>\n                    <\/div>\n                            <\/div>\n            <div class=\"col-9\">\n                \n                    <h4 class=\"mb-3\"><\/h4>\n                    <p><\/p>\n                    <h3 class=\"is-style-Action-Title has-color-blue-dark-blue-color has-text-color mb-1\"><strong>Content Studio +<\/strong><span class=\"heading-tag\">New<\/span><\/h3>\n                    <p class=\"is-style-Body-Paragraph has-color-grey-body-text-grey-color has-text-color mb-0\">v 12.0<\/p>\n                    <div class=\"link-box-horizontal-button mt-0\">Read document here<\/div>\n                                       \n            <\/div>\n        <\/div>\n    <\/a>\n<\/div>\n\n<\/div>\n\n\n\n<div class=\"wp-block-column is-layout-flow wp-block-column-is-layout-flow\"><\/div>\n<\/div>\n<\/div><\/div>\n<\/section>\n\n\n\n<section class=\"wp-block-mkl-section-block has-color-white-background-color\" style=\"padding-bottom:60px;padding-top:60px\">\n<div class=\"wp-block-group\"><div class=\"wp-block-group__inner-container is-layout-constrained wp-block-group-is-layout-constrained\">\n<h2 class=\"wp-block-heading is-style-Header-medium\">Verksamhetsregler i Manage anv\u00e4ndarmanual, Swedish market<\/h2>\n\n\n\n<div style=\"height:30px\" aria-hidden=\"true\" class=\"wp-block-spacer\"><\/div>\n\n\n\n<div class=\"wp-block-columns is-layout-flex wp-container-core-columns-is-layout-9d6595d7 wp-block-columns-is-layout-flex\">\n<div class=\"wp-block-column is-layout-flow wp-block-column-is-layout-flow\"><div class=\"mb-3\">\n    <a class=\"link-box link-box-horizontal  p-3 px-4 has-color-white-background-color\" href=\"https:\/\/dev.platform24.com\/wp-content\/uploads\/2023\/11\/release-notes-week-42-2.pdf\" target=\"_blank\">\n        <div class=\"row d-flex align-items-center\">\n            <div class=\"col-3\">\n                                    <div class=\"ratio ratio-1x1\" >\n                        <div class=\"embed-responsive-item d-flex align-items-center justify-content-center\" style=\"background-image: url('https:\/\/dev.platform24.com\/wp-content\/themes\/atlas\/img\/artboard-414.svg'); background-size: contain; background-repeat: no-repeat; transition: all .3s ease-in-out;\">\n                             \n\n                        <\/div>\n                    <\/div>\n                            <\/div>\n            <div class=\"col-9\">\n                \n                    <h4 class=\"mb-3\"><\/h4>\n                    <p><\/p>\n                    <h3 class=\"is-style-Action-Title has-color-blue-dark-blue-color has-text-color mb-1\"><strong>Verksamhetsregler<\/strong><span class=\"heading-tag\">Ny<\/span><\/h3>\n                    <p class=\"is-style-Body-Paragraph has-color-grey-body-text-grey-color has-text-color mb-0\">v 76.0<\/p>\n                    <div class=\"link-box-horizontal-button mt-0\">Read document here<\/div>\n                                       \n            <\/div>\n        <\/div>\n    <\/a>\n<\/div>\n\n<\/div>\n\n\n\n<div class=\"wp-block-column is-layout-flow wp-block-column-is-layout-flow\"><\/div>\n\n\n\n<div class=\"wp-block-column is-layout-flow wp-block-column-is-layout-flow\"><\/div>\n<\/div>\n<\/div><\/div>\n<\/section>\n\n\n\n<p><\/p>\n\n\n","protected":false},"excerpt":{"rendered":"","protected":false},"author":2,"featured_media":0,"parent":0,"menu_order":0,"comment_status":"closed","ping_status":"closed","template":"page-templates\/page-landing-page.php","meta":{"_acf_changed":false,"_coblocks_attr":"","_coblocks_dimensions":"","_coblocks_responsive_height":"","_coblocks_accordion_ie_support":"","_EventAllDay":false,"_EventTimezone":"","_EventStartDate":"","_EventEndDate":"","_EventStartDateUTC":"","_EventEndDateUTC":"","_EventShowMap":false,"_EventShowMapLink":false,"_EventURL":"","_EventCost":"","_EventCostDescription":"","_EventCurrencySymbol":"","_EventCurrencyCode":"","_EventCurrencyPosition":"","_EventDateTimeSeparator":"","_EventTimeRangeSeparator":"","_EventOrganizerID":[],"_EventVenueID":[],"_OrganizerEmail":"","_OrganizerPhone":"","_OrganizerWebsite":"","_VenueAddress":"","_VenueCity":"","_VenueCountry":"","_VenueProvince":"","_VenueState":"","_VenueZip":"","_VenuePhone":"","_VenueURL":"","_VenueStateProvince":"","_VenueLat":"","_VenueLng":"","_VenueShowMap":false,"_VenueShowMapLink":false,"footnotes":""},"categories":[],"class_list":["post-9861","page","type-page","status-publish","hentry"],"acf":[],"yoast_head":"<!-- This site is optimized with the Yoast SEO plugin v23.0 - https:\/\/yoast.com\/wordpress\/plugins\/seo\/ -->\n<title>Manuals - Platform24<\/title>\n<meta name=\"robots\" content=\"noindex, follow, max-snippet:-1, max-image-preview:large, max-video-preview:-1\" \/>\n<meta property=\"og:locale\" content=\"sv_SE\" \/>\n<meta property=\"og:type\" content=\"article\" \/>\n<meta property=\"og:title\" content=\"Manuals - Platform24\" \/>\n<meta property=\"og:url\" content=\"https:\/\/dev.platform24.com\/sv\/manuals\/\" \/>\n<meta property=\"og:site_name\" content=\"Platform24\" \/>\n<meta property=\"article:modified_time\" content=\"2023-12-18T16:42:19+00:00\" \/>\n<meta name=\"twitter:card\" content=\"summary_large_image\" \/>\n<meta name=\"twitter:label1\" content=\"Ber\u00e4knad l\u00e4stid\" \/>\n\t<meta name=\"twitter:data1\" content=\"1 minut\" \/>\n<script type=\"application\/ld+json\" class=\"yoast-schema-graph\">{\"@context\":\"https:\/\/schema.org\",\"@graph\":[{\"@type\":\"WebPage\",\"@id\":\"https:\/\/dev.platform24.com\/sv\/manuals\/\",\"url\":\"https:\/\/dev.platform24.com\/sv\/manuals\/\",\"name\":\"Manuals - Platform24\",\"isPartOf\":{\"@id\":\"https:\/\/dev.platform24.com\/sv\/#website\"},\"datePublished\":\"2023-11-30T10:19:14+00:00\",\"dateModified\":\"2023-12-18T16:42:19+00:00\",\"breadcrumb\":{\"@id\":\"https:\/\/dev.platform24.com\/sv\/manuals\/#breadcrumb\"},\"inLanguage\":\"sv-SE\",\"potentialAction\":[{\"@type\":\"ReadAction\",\"target\":[\"https:\/\/dev.platform24.com\/sv\/manuals\/\"]}]},{\"@type\":\"BreadcrumbList\",\"@id\":\"https:\/\/dev.platform24.com\/sv\/manuals\/#breadcrumb\",\"itemListElement\":[{\"@type\":\"ListItem\",\"position\":1,\"name\":\"Home\",\"item\":\"https:\/\/dev.platform24.com\/sv\/\"},{\"@type\":\"ListItem\",\"position\":2,\"name\":\"Manuals\"}]},{\"@type\":\"WebSite\",\"@id\":\"https:\/\/dev.platform24.com\/sv\/#website\",\"url\":\"https:\/\/dev.platform24.com\/sv\/\",\"name\":\"Platform24\",\"description\":\"Modular healthtech for seamless care\",\"potentialAction\":[{\"@type\":\"SearchAction\",\"target\":{\"@type\":\"EntryPoint\",\"urlTemplate\":\"https:\/\/dev.platform24.com\/sv\/?s={search_term_string}\"},\"query-input\":\"required name=search_term_string\"}],\"inLanguage\":\"sv-SE\"}]}<\/script>\n<!-- \/ Yoast SEO plugin. -->","yoast_head_json":{"title":"Manuals - Platform24","robots":{"index":"noindex","follow":"follow","max-snippet":"max-snippet:-1","max-image-preview":"max-image-preview:large","max-video-preview":"max-video-preview:-1"},"og_locale":"sv_SE","og_type":"article","og_title":"Manuals - Platform24","og_url":"https:\/\/dev.platform24.com\/sv\/manuals\/","og_site_name":"Platform24","article_modified_time":"2023-12-18T16:42:19+00:00","twitter_card":"summary_large_image","twitter_misc":{"Ber\u00e4knad l\u00e4stid":"1 minut"},"schema":{"@context":"https:\/\/schema.org","@graph":[{"@type":"WebPage","@id":"https:\/\/dev.platform24.com\/sv\/manuals\/","url":"https:\/\/dev.platform24.com\/sv\/manuals\/","name":"Manuals - Platform24","isPartOf":{"@id":"https:\/\/dev.platform24.com\/sv\/#website"},"datePublished":"2023-11-30T10:19:14+00:00","dateModified":"2023-12-18T16:42:19+00:00","breadcrumb":{"@id":"https:\/\/dev.platform24.com\/sv\/manuals\/#breadcrumb"},"inLanguage":"sv-SE","potentialAction":[{"@type":"ReadAction","target":["https:\/\/dev.platform24.com\/sv\/manuals\/"]}]},{"@type":"BreadcrumbList","@id":"https:\/\/dev.platform24.com\/sv\/manuals\/#breadcrumb","itemListElement":[{"@type":"ListItem","position":1,"name":"Home","item":"https:\/\/dev.platform24.com\/sv\/"},{"@type":"ListItem","position":2,"name":"Manuals"}]},{"@type":"WebSite","@id":"https:\/\/dev.platform24.com\/sv\/#website","url":"https:\/\/dev.platform24.com\/sv\/","name":"Platform24","description":"Modular healthtech for seamless care","potentialAction":[{"@type":"SearchAction","target":{"@type":"EntryPoint","urlTemplate":"https:\/\/dev.platform24.com\/sv\/?s={search_term_string}"},"query-input":"required name=search_term_string"}],"inLanguage":"sv-SE"}]}},"_links":{"self":[{"href":"https:\/\/dev.platform24.com\/sv\/wp-json\/wp\/v2\/pages\/9861","targetHints":{"allow":["GET"]}}],"collection":[{"href":"https:\/\/dev.platform24.com\/sv\/wp-json\/wp\/v2\/pages"}],"about":[{"href":"https:\/\/dev.platform24.com\/sv\/wp-json\/wp\/v2\/types\/page"}],"author":[{"embeddable":true,"href":"https:\/\/dev.platform24.com\/sv\/wp-json\/wp\/v2\/users\/2"}],"replies":[{"embeddable":true,"href":"https:\/\/dev.platform24.com\/sv\/wp-json\/wp\/v2\/comments?post=9861"}],"version-history":[{"count":1,"href":"https:\/\/dev.platform24.com\/sv\/wp-json\/wp\/v2\/pages\/9861\/revisions"}],"predecessor-version":[{"id":11471,"href":"https:\/\/dev.platform24.com\/sv\/wp-json\/wp\/v2\/pages\/9861\/revisions\/11471"}],"wp:attachment":[{"href":"https:\/\/dev.platform24.com\/sv\/wp-json\/wp\/v2\/media?parent=9861"}],"wp:term":[{"taxonomy":"category","embeddable":true,"href":"https:\/\/dev.platform24.com\/sv\/wp-json\/wp\/v2\/categories?post=9861"}],"curies":[{"name":"wp","href":"https:\/\/api.w.org\/{rel}","templated":true}]}}