{"id":9865,"date":"2023-12-18T16:02:56","date_gmt":"2023-12-18T16:02:56","guid":{"rendered":"https:\/\/dev.platform24.com\/?page_id=9865"},"modified":"2024-01-02T15:54:38","modified_gmt":"2024-01-02T15:54:38","slug":"resources","status":"publish","type":"page","link":"https:\/\/dev.platform24.com\/sv\/resources\/","title":{"rendered":"Resources"},"content":{"rendered":"    <style scoped>\n        @media (max-width: 991px) {\n            section.header-background-image {\n                background-image: url('');\n                background-image: none;\n            }\n        }\n\n        @media (min-width: 992px) {\n            section.header-background-image .container {\n                margin-bottom: -30px;\n            }\n        }\n\n        section.header-background-image::before {\n            background-image: url('https:\/\/dev.platform24.com\/wp-content\/uploads\/2023\/12\/web-top-banners-6.png');\n                    }\n\n        .editor-style-wrapper section.header-background-text::before {}\n    <\/style>\n\n\n\n\n\n<section\n    class=\"wp-block-mkl-section-block alignfull d-flex align-items-top align-items-lg-center has-color-blue-background-light-blue-background-color header-background-image\"\n    style=\"padding-bottom:0px;padding-top:60px !important;\">\n    <div class=\"container  mt-lg-0\" Style=\"\">\n        <div class=\"row gx-5 d-lg-flex align-items-lg-center\">\n            <div class=\"d-none d-lg-block col-lg-6\">\n                            <\/div>\n            <div class=\"col-12 col-lg-6\">\n                <div class=\"header-text-field\">\n                    <h1\n                        class=\"has-color-blue-dark-blue-color has-text-color is-style-Header-large mb-3\">\n                        Resurser &#038; Inspiration                    <\/h1>\n                    <h2 class=\"has-color-blue-dark-blue-color has-text-color is-style-Paragraph-large\">\n                                            <\/h2>\n                                    <\/div>\n            <\/div>\n        <\/div>\n\n    <\/div>\n\n\n\n\n<\/section>\n\n\n<section class=\"wp-block-mkl-section-block has-color-white-background-color\" style=\"padding-bottom:60px;padding-top:60px\">\n<div class=\"wp-block-group\"><div class=\"wp-block-group__inner-container is-layout-flow wp-block-group-is-layout-flow\">\n<div class=\"wp-block-columns is-layout-flex wp-container-core-columns-is-layout-9d6595d7 wp-block-columns-is-layout-flex\">\n<div class=\"wp-block-column is-layout-flow wp-block-column-is-layout-flow\">    <div class=\"mb-4 pb-5 h-100\" >\n        <a class=\"link-box h-100 p-4 pb-0 look-2 has-color-white-background-color\" href=\"https:\/\/dev.platform24.com\/release-notes\/\">\n            <div class=\"row h-100\">\n                <div class=\"col-12 d-flex  flex-column\">\n                                            <div class=\"mb-3\"  style=\"height: 75px\">\n                            <div class=\"p24-icon h-100\" style=\"background-image: url('https:\/\/dev.platform24.com\/wp-content\/uploads\/2023\/11\/appointments.svg'); background-size: cover; transition: all .3s ease-in-out;\">\n                            <\/div>\n                        <\/div>\n                                        <div class=\"mb-0 text-lg-start\">\n                        <!--<h4 class=\"mb-3 is-style-Action-Title\"><strong><\/strong><\/h4>-->\n                        <!--<p><\/p>-->\n                        <h3 class=\"has-color-blue-dark-blue-color has-text-color is-style-Action-Title mb-3\" ><strong>Release Notes<\/strong><\/h3>\n                        <p class=\"is-style-Body-Paragraph has-color-grey-body-text-grey-color has-text-color mb-0\" >I release notes hittar du information om nya funktioner, uppdatering av existerande funktionalitet och f\u00f6rb\u00e4ttringar i Plattformen.<\/p>\n                    <\/div>\n                                            <div class=\"wp-block-buttons mb-4 mt-auto\">\n                            <div class=\"wp-block-button__link \">L\u00e4s mer<\/div>\n                        <\/div>  \n                                    <\/div>\n            <\/div>\n        <\/a>\n    <\/div>\n<\/div>\n\n\n\n<div class=\"wp-block-column is-layout-flow wp-block-column-is-layout-flow\">    <div class=\"mb-4 pb-5 h-100\" >\n        <a class=\"link-box h-100 p-4 pb-0 look-2 has-color-white-background-color\" href=\"https:\/\/dev.platform24.com\/manuals\">\n            <div class=\"row h-100\">\n                <div class=\"col-12 d-flex  flex-column\">\n                                            <div class=\"mb-3\"  style=\"height: 75px\">\n                            <div class=\"p24-icon h-100\" style=\"background-image: url('https:\/\/dev.platform24.com\/wp-content\/uploads\/2023\/11\/artboard-274.svg'); background-size: cover; transition: all .3s ease-in-out;\">\n                            <\/div>\n                        <\/div>\n                                        <div class=\"mb-0 text-lg-start\">\n                        <!--<h4 class=\"mb-3 is-style-Action-Title\"><strong><\/strong><\/h4>-->\n                        <!--<p><\/p>-->\n                        <h3 class=\"has-color-blue-dark-blue-color has-text-color is-style-Action-Title mb-3\" ><strong>Anv\u00e4ndarmanualer<\/strong><\/h3>\n                        <p class=\"is-style-Body-Paragraph has-color-grey-body-text-grey-color has-text-color mb-0\" >H\u00e4r hittar du anv\u00e4ndarmanualer med beskrivningar och steg-f\u00f6r-steg instruktioner om hur du anv\u00e4nder de olika anv\u00e4ndargr\u00e4nssnitten av Platform24.<\/p>\n                    <\/div>\n                                            <div class=\"wp-block-buttons mb-4 mt-auto\">\n                            <div class=\"wp-block-button__link \">L\u00e4s Anv\u00e4ndarmanualerna<\/div>\n                        <\/div>  \n                                    <\/div>\n            <\/div>\n        <\/a>\n    <\/div>\n<\/div>\n\n\n\n<div class=\"wp-block-column is-layout-flow wp-block-column-is-layout-flow\"><\/div>\n<\/div>\n<\/div><\/div>\n<\/section>\n\n\n\n<section class=\"wp-block-mkl-section-block has-color-white-background-color\" style=\"padding-bottom:60px;padding-top:60px\">\n<div class=\"wp-block-group\"><div class=\"wp-block-group__inner-container is-layout-flow wp-block-group-is-layout-flow\">\n<div class=\"wp-block-coblocks-row coblocks-row-920103418767\" data-columns=\"3\" data-layout=\"50-25-25\"><div class=\"wp-block-coblocks-row__inner has-no-padding has-no-margin is-stacked-on-mobile has-medium-gutter\">\n<div class=\"wp-block-coblocks-column coblocks-column-920103427931\" style=\"width:30.61%\"><div class=\"wp-block-coblocks-column__inner has-no-padding has-no-margin\">\n<div class=\"wp-block-columns is-layout-flex wp-container-core-columns-is-layout-9d6595d7 wp-block-columns-is-layout-flex\">\n<div class=\"wp-block-column is-layout-flow wp-block-column-is-layout-flow\">\n<h2 class=\"wp-block-heading is-style-Header-medium\" id=\"vad-kan-vi-gora-for-dig\">Vad kan vi g\u00f6ra f\u00f6r dig?<\/h2>\n\n\n\n<p><\/p>\n<\/div>\n<\/div>\n<\/div><\/div>\n\n\n\n<div class=\"wp-block-coblocks-column is-vertically-aligned-center coblocks-column-920103427932\" style=\"width:56.18%\"><div class=\"wp-block-coblocks-column__inner has-no-padding has-no-margin\">\n<h4 class=\"wp-block-heading is-style-Body-Paragraph\" id=\"vi-tanker-pa-vara-kunder-mest-hela-tiden-kontakta-oss-sa-far-du-se\"><br>Varmt v\u00e4lkommen att kontakta oss om <\/h4>\n\n\n\n<p>du vill veta mer eller har fr\u00e5gor. <\/p>\n<\/div><\/div>\n\n\n\n<div class=\"wp-block-coblocks-column coblocks-column-920103427933\" style=\"width:31.11%\"><div class=\"wp-block-coblocks-column__inner has-no-padding has-no-margin\"><\/div><\/div>\n<\/div><\/div>\n\n\n\n<div style=\"height:42px\" aria-hidden=\"true\" class=\"wp-block-spacer\"><\/div>\n<\/div><\/div>\n\n\n\n<div class=\"wp-block-group coblocks-animate\" data-coblocks-animation=\"fadeIn\"><div class=\"wp-block-group__inner-container is-layout-flow wp-block-group-is-layout-flow\">\n<div class=\"wp-block-columns is-layout-flex wp-container-core-columns-is-layout-9d6595d7 wp-block-columns-is-layout-flex\">\n<div class=\"wp-block-column is-vertically-aligned-center is-layout-flow wp-block-column-is-layout-flow\" style=\"flex-basis:33.33%\">\n<figure class=\"wp-block-image size-large is-resized\"><img decoding=\"async\" src=\"https:\/\/platform24.com\/platform24\/wp-content\/uploads\/sites\/5\/2021\/10\/contact.svg\" alt=\"\" class=\"wp-image-2172\" style=\"width:338px;height:322px\"\/><\/figure>\n<\/div>\n\n\n\n<div class=\"wp-block-column is-vertically-aligned-center is-layout-flow wp-block-column-is-layout-flow\" style=\"flex-basis:66.66%\">\n<p><script charset=\"utf-8\" type=\"text\/javascript\" src=\"\/\/js-eu1.hsforms.net\/forms\/embed\/v2.js\"><\/script><br \/>\n<script>\n  hbspt.forms.create({\n    region: \"eu1\",\n    portalId: \"25299990\",\n    formId: \"4bb948d9-1798-4cbb-b3ea-be09154fbde1\"\n  });\n<\/script><\/p>\n\n<\/div>\n<\/div>\n<\/div><\/div>\n<\/section>\n","protected":false},"excerpt":{"rendered":"","protected":false},"author":2,"featured_media":0,"parent":0,"menu_order":0,"comment_status":"closed","ping_status":"closed","template":"","meta":{"_acf_changed":false,"_coblocks_attr":"","_coblocks_dimensions":"","_coblocks_responsive_height":"","_coblocks_accordion_ie_support":"","_EventAllDay":false,"_EventTimezone":"","_EventStartDate":"","_EventEndDate":"","_EventStartDateUTC":"","_EventEndDateUTC":"","_EventShowMap":false,"_EventShowMapLink":false,"_EventURL":"","_EventCost":"","_EventCostDescription":"","_EventCurrencySymbol":"","_EventCurrencyCode":"","_EventCurrencyPosition":"","_EventDateTimeSeparator":"","_EventTimeRangeSeparator":"","_EventOrganizerID":[],"_EventVenueID":[],"_OrganizerEmail":"","_OrganizerPhone":"","_OrganizerWebsite":"","_VenueAddress":"","_VenueCity":"","_VenueCountry":"","_VenueProvince":"","_VenueState":"","_VenueZip":"","_VenuePhone":"","_VenueURL":"","_VenueStateProvince":"","_VenueLat":"","_VenueLng":"","_VenueShowMap":false,"_VenueShowMapLink":false,"footnotes":""},"categories":[],"class_list":["post-9865","page","type-page","status-publish","hentry"],"acf":[],"yoast_head":"<!-- This site is optimized with the Yoast SEO plugin v23.0 - https:\/\/yoast.com\/wordpress\/plugins\/seo\/ -->\n<title>Resources - Platform24<\/title>\n<meta name=\"robots\" content=\"noindex, nofollow\" \/>\n<meta property=\"og:locale\" content=\"sv_SE\" \/>\n<meta property=\"og:type\" content=\"article\" \/>\n<meta property=\"og:title\" content=\"Resources - Platform24\" \/>\n<meta property=\"og:url\" content=\"https:\/\/dev.platform24.com\/sv\/resources\/\" \/>\n<meta property=\"og:site_name\" content=\"Platform24\" \/>\n<meta property=\"article:modified_time\" content=\"2024-01-02T15:54:38+00:00\" \/>\n<meta property=\"og:image\" content=\"https:\/\/platform24.com\/platform24\/wp-content\/uploads\/sites\/5\/2021\/10\/contact.svg\" \/>\n<meta name=\"twitter:card\" content=\"summary_large_image\" \/>\n<meta name=\"twitter:label1\" content=\"Ber\u00e4knad l\u00e4stid\" \/>\n\t<meta name=\"twitter:data1\" content=\"1 minut\" \/>\n<script type=\"application\/ld+json\" class=\"yoast-schema-graph\">{\"@context\":\"https:\/\/schema.org\",\"@graph\":[{\"@type\":\"WebPage\",\"@id\":\"https:\/\/dev.platform24.com\/sv\/resources\/\",\"url\":\"https:\/\/dev.platform24.com\/sv\/resources\/\",\"name\":\"Resources - Platform24\",\"isPartOf\":{\"@id\":\"https:\/\/dev.platform24.com\/sv\/#website\"},\"primaryImageOfPage\":{\"@id\":\"https:\/\/dev.platform24.com\/sv\/resources\/#primaryimage\"},\"image\":{\"@id\":\"https:\/\/dev.platform24.com\/sv\/resources\/#primaryimage\"},\"thumbnailUrl\":\"https:\/\/platform24.com\/platform24\/wp-content\/uploads\/sites\/5\/2021\/10\/contact.svg\",\"datePublished\":\"2023-12-18T16:02:56+00:00\",\"dateModified\":\"2024-01-02T15:54:38+00:00\",\"breadcrumb\":{\"@id\":\"https:\/\/dev.platform24.com\/sv\/resources\/#breadcrumb\"},\"inLanguage\":\"sv-SE\",\"potentialAction\":[{\"@type\":\"ReadAction\",\"target\":[\"https:\/\/dev.platform24.com\/sv\/resources\/\"]}]},{\"@type\":\"ImageObject\",\"inLanguage\":\"sv-SE\",\"@id\":\"https:\/\/dev.platform24.com\/sv\/resources\/#primaryimage\",\"url\":\"https:\/\/platform24.com\/platform24\/wp-content\/uploads\/sites\/5\/2021\/10\/contact.svg\",\"contentUrl\":\"https:\/\/platform24.com\/platform24\/wp-content\/uploads\/sites\/5\/2021\/10\/contact.svg\"},{\"@type\":\"BreadcrumbList\",\"@id\":\"https:\/\/dev.platform24.com\/sv\/resources\/#breadcrumb\",\"itemListElement\":[{\"@type\":\"ListItem\",\"position\":1,\"name\":\"Home\",\"item\":\"https:\/\/dev.platform24.com\/sv\/\"},{\"@type\":\"ListItem\",\"position\":2,\"name\":\"Resources\"}]},{\"@type\":\"WebSite\",\"@id\":\"https:\/\/dev.platform24.com\/sv\/#website\",\"url\":\"https:\/\/dev.platform24.com\/sv\/\",\"name\":\"Platform24\",\"description\":\"Modular healthtech for seamless care\",\"potentialAction\":[{\"@type\":\"SearchAction\",\"target\":{\"@type\":\"EntryPoint\",\"urlTemplate\":\"https:\/\/dev.platform24.com\/sv\/?s={search_term_string}\"},\"query-input\":\"required name=search_term_string\"}],\"inLanguage\":\"sv-SE\"}]}<\/script>\n<!-- \/ Yoast SEO plugin. -->","yoast_head_json":{"title":"Resources - Platform24","robots":{"index":"noindex","follow":"nofollow"},"og_locale":"sv_SE","og_type":"article","og_title":"Resources - Platform24","og_url":"https:\/\/dev.platform24.com\/sv\/resources\/","og_site_name":"Platform24","article_modified_time":"2024-01-02T15:54:38+00:00","og_image":[{"url":"https:\/\/platform24.com\/platform24\/wp-content\/uploads\/sites\/5\/2021\/10\/contact.svg"}],"twitter_card":"summary_large_image","twitter_misc":{"Ber\u00e4knad l\u00e4stid":"1 minut"},"schema":{"@context":"https:\/\/schema.org","@graph":[{"@type":"WebPage","@id":"https:\/\/dev.platform24.com\/sv\/resources\/","url":"https:\/\/dev.platform24.com\/sv\/resources\/","name":"Resources - Platform24","isPartOf":{"@id":"https:\/\/dev.platform24.com\/sv\/#website"},"primaryImageOfPage":{"@id":"https:\/\/dev.platform24.com\/sv\/resources\/#primaryimage"},"image":{"@id":"https:\/\/dev.platform24.com\/sv\/resources\/#primaryimage"},"thumbnailUrl":"https:\/\/platform24.com\/platform24\/wp-content\/uploads\/sites\/5\/2021\/10\/contact.svg","datePublished":"2023-12-18T16:02:56+00:00","dateModified":"2024-01-02T15:54:38+00:00","breadcrumb":{"@id":"https:\/\/dev.platform24.com\/sv\/resources\/#breadcrumb"},"inLanguage":"sv-SE","potentialAction":[{"@type":"ReadAction","target":["https:\/\/dev.platform24.com\/sv\/resources\/"]}]},{"@type":"ImageObject","inLanguage":"sv-SE","@id":"https:\/\/dev.platform24.com\/sv\/resources\/#primaryimage","url":"https:\/\/platform24.com\/platform24\/wp-content\/uploads\/sites\/5\/2021\/10\/contact.svg","contentUrl":"https:\/\/platform24.com\/platform24\/wp-content\/uploads\/sites\/5\/2021\/10\/contact.svg"},{"@type":"BreadcrumbList","@id":"https:\/\/dev.platform24.com\/sv\/resources\/#breadcrumb","itemListElement":[{"@type":"ListItem","position":1,"name":"Home","item":"https:\/\/dev.platform24.com\/sv\/"},{"@type":"ListItem","position":2,"name":"Resources"}]},{"@type":"WebSite","@id":"https:\/\/dev.platform24.com\/sv\/#website","url":"https:\/\/dev.platform24.com\/sv\/","name":"Platform24","description":"Modular healthtech for seamless care","potentialAction":[{"@type":"SearchAction","target":{"@type":"EntryPoint","urlTemplate":"https:\/\/dev.platform24.com\/sv\/?s={search_term_string}"},"query-input":"required name=search_term_string"}],"inLanguage":"sv-SE"}]}},"_links":{"self":[{"href":"https:\/\/dev.platform24.com\/sv\/wp-json\/wp\/v2\/pages\/9865","targetHints":{"allow":["GET"]}}],"collection":[{"href":"https:\/\/dev.platform24.com\/sv\/wp-json\/wp\/v2\/pages"}],"about":[{"href":"https:\/\/dev.platform24.com\/sv\/wp-json\/wp\/v2\/types\/page"}],"author":[{"embeddable":true,"href":"https:\/\/dev.platform24.com\/sv\/wp-json\/wp\/v2\/users\/2"}],"replies":[{"embeddable":true,"href":"https:\/\/dev.platform24.com\/sv\/wp-json\/wp\/v2\/comments?post=9865"}],"version-history":[{"count":17,"href":"https:\/\/dev.platform24.com\/sv\/wp-json\/wp\/v2\/pages\/9865\/revisions"}],"predecessor-version":[{"id":11976,"href":"https:\/\/dev.platform24.com\/sv\/wp-json\/wp\/v2\/pages\/9865\/revisions\/11976"}],"wp:attachment":[{"href":"https:\/\/dev.platform24.com\/sv\/wp-json\/wp\/v2\/media?parent=9865"}],"wp:term":[{"taxonomy":"category","embeddable":true,"href":"https:\/\/dev.platform24.com\/sv\/wp-json\/wp\/v2\/categories?post=9865"}],"curies":[{"name":"wp","href":"https:\/\/api.w.org\/{rel}","templated":true}]}}